{"id":80,"date":"2023-04-17T17:35:02","date_gmt":"2023-04-17T17:35:02","guid":{"rendered":"https:\/\/www.santiagomarquezramos.com\/?page_id=80"},"modified":"2023-11-27T03:47:10","modified_gmt":"2023-11-27T03:47:10","slug":"clipboard","status":"publish","type":"page","link":"https:\/\/santiagomarquezramos.com\/es\/clipboard\/","title":{"rendered":"Clipboard Scribbles"},"content":{"rendered":"<pre class=\"wp-block-code\"><code>Te sientas en la silla del sof\u00e1 y tomas el portapapeles. Caligraf\u00eda descuidada deletrea un mensaje que ha sido tachado y reescrito muchas, muchas veces:\n\n\u201c\nSantiago es <s>muy agradable, lo prometo<\/s>, un terapeuta que trabaja con inmigrantes latinos en <s>el l\u00edo apestoso que es<\/s> la ciudad de Nueva York.\n\nOriginalmente de M\u00e9xico, Santiago <s>tiene ADHD cabr\u00f3n<\/s> le apasiona entrelazar la cultura, la salud mental, lo queer y la justicia social en todas sus historias; as\u00ed como espa\u00f1ol <s>para ESPAGNOL presione el nueve<\/s>, su lengua materna. Vive en la intersecci\u00f3n de <s>ANSIEDAD<\/s> el realismo m\u00e1gico, la <s>crisis<\/s> maravilla existencial y la <s>auto-ruminaci\u00f3n<\/s> autorreflexi\u00f3n caprichosa ; pero tambi\u00e9n lo puedes encontrar corriendo <s>de sus problemas<\/s> entre cafecitos mientras  lucha <s>con valent\u00eda y de forma atractiva<\/s> contra el tercer <s>segundo<\/s> draft de una novela, o escribiendo poes\u00eda <s>\u00bfser\u00e1 poes\u00eda?<\/s> para extra\u00f1os en Central Park.\n\n<s>Es un gran escritor<\/s> Lo han publicado en Litro Magazine, Occulum Journal, Literally Stories, <s>ha escrito much\u00edsimo, como 3 novelas y 25 historias, por favor l\u00e9anlas<\/s> y  gan\u00f3 segundo lugar <s>wahoooo!<\/s> en el concurso de Flash Fiction Magazine del 2023. Ha sido rechazado por <s>tantas revistas, oh Dios, por favor publiquenlo<\/s> muchas otras revistas, pero a veces de manera linda. Se gradu\u00f3 de Taos Toolbox 2023, donde gan\u00f3 <s>tu amor y admiraci\u00f3n<\/s> el premio Terran de George R.R. Martin. <s>\u00bfYo, ganando premios? \u00a1Inconcebible! <\/s>\n\n<s>\u00bfser\u00e9 un autor de verdad ahora?<\/s>\n\u201d\n\nSientes que algo sobresale del costado del sill\u00f3n. Metiendo la mano, encuentras un paquete de chocolates. <\/code><\/pre>\n\n\n\n<div class=\"wp-block-buttons is-content-justification-center is-layout-flex wp-container-core-buttons-is-layout-a89b3969 wp-block-buttons-is-layout-flex\">\n<div class=\"wp-block-button\"><a class=\"wp-block-button__link wp-element-button\" href=\"https:\/\/www.nmic.org\/mentalhealth\/\" target=\"_blank\" rel=\"noreferrer noopener\">Aprender de Santiago como terapeuta<\/a><\/div>\n\n\n\n<div class=\"wp-block-button\"><a class=\"wp-block-button__link wp-element-button\" href=\"https:\/\/www.instagram.com\/definitelysantiago\/\" target=\"_blank\" rel=\"noreferrer noopener\">Leer la poes\u00eda<\/a><\/div>\n\n\n\n<div class=\"chocolates-btn wp-block-button\"><a class=\"wp-block-button__link wp-element-button\" href=\"https:\/\/santiagomarquezramos.com\/es\/chocolates\/\">Comer los chocolates<\/a><\/div>\n\n\n\n<div class=\"wp-block-button\"><a class=\"wp-block-button__link wp-element-button\" href=\"http:\/\/santiagomarquezramos.com\/es\/bedroom\/\">Retroceder<\/a><\/div>\n<\/div>","protected":false},"excerpt":{"rendered":"","protected":false},"author":2,"featured_media":0,"parent":0,"menu_order":0,"comment_status":"closed","ping_status":"closed","template":"","meta":{"nf_dc_page":"","om_disable_all_campaigns":false,"_monsterinsights_skip_tracking":false,"_monsterinsights_sitenote_active":false,"_monsterinsights_sitenote_note":"","_monsterinsights_sitenote_category":0,"footnotes":""},"class_list":["post-80","page","type-page","status-publish","hentry"],"yoast_head":"<!-- This site is optimized with the Yoast SEO plugin v27.4 - https:\/\/yoast.com\/product\/yoast-seo-wordpress\/ -->\n<title>Clipboard Scribbles - Santiago M\u00e1rquez Ramos<\/title>\n<meta name=\"robots\" content=\"index, follow, max-snippet:-1, max-image-preview:large, max-video-preview:-1\" \/>\n<link rel=\"canonical\" href=\"https:\/\/santiagomarquezramos.com\/es\/clipboard\/\" \/>\n<meta property=\"og:locale\" content=\"es_MX\" \/>\n<meta property=\"og:type\" content=\"article\" \/>\n<meta property=\"og:title\" content=\"Clipboard Scribbles - Santiago M\u00e1rquez Ramos\" \/>\n<meta property=\"og:url\" content=\"https:\/\/santiagomarquezramos.com\/es\/clipboard\/\" \/>\n<meta property=\"og:site_name\" content=\"Santiago M\u00e1rquez Ramos\" \/>\n<meta property=\"article:modified_time\" content=\"2023-11-27T03:47:10+00:00\" \/>\n<meta name=\"twitter:card\" content=\"summary_large_image\" \/>\n<meta name=\"twitter:label1\" content=\"Tiempo de lectura\" \/>\n\t<meta name=\"twitter:data1\" content=\"1 minuto\" \/>\n<script type=\"application\/ld+json\" class=\"yoast-schema-graph\">{\"@context\":\"https:\\\/\\\/schema.org\",\"@graph\":[{\"@type\":\"WebPage\",\"@id\":\"https:\\\/\\\/santiagomarquezramos.com\\\/clipboard\\\/\",\"url\":\"https:\\\/\\\/santiagomarquezramos.com\\\/clipboard\\\/\",\"name\":\"Clipboard Scribbles - Santiago M\u00e1rquez Ramos\",\"isPartOf\":{\"@id\":\"http:\\\/\\\/box2537.temp.domains\\\/~santias2\\\/#website\"},\"datePublished\":\"2023-04-17T17:35:02+00:00\",\"dateModified\":\"2023-11-27T03:47:10+00:00\",\"breadcrumb\":{\"@id\":\"https:\\\/\\\/santiagomarquezramos.com\\\/clipboard\\\/#breadcrumb\"},\"inLanguage\":\"es\",\"potentialAction\":[{\"@type\":\"ReadAction\",\"target\":[\"https:\\\/\\\/santiagomarquezramos.com\\\/clipboard\\\/\"]}]},{\"@type\":\"BreadcrumbList\",\"@id\":\"https:\\\/\\\/santiagomarquezramos.com\\\/clipboard\\\/#breadcrumb\",\"itemListElement\":[{\"@type\":\"ListItem\",\"position\":1,\"name\":\"Home\",\"item\":\"https:\\\/\\\/santiagomarquezramos.com\\\/\"},{\"@type\":\"ListItem\",\"position\":2,\"name\":\"Clipboard Scribbles\"}]},{\"@type\":\"WebSite\",\"@id\":\"http:\\\/\\\/box2537.temp.domains\\\/~santias2\\\/#website\",\"url\":\"http:\\\/\\\/box2537.temp.domains\\\/~santias2\\\/\",\"name\":\"Santiago M\u00e1rquez Ramos\",\"description\":\"Author website for Santiago M\u00e1rquez Ramos\",\"publisher\":{\"@id\":\"http:\\\/\\\/box2537.temp.domains\\\/~santias2\\\/#organization\"},\"potentialAction\":[{\"@type\":\"SearchAction\",\"target\":{\"@type\":\"EntryPoint\",\"urlTemplate\":\"http:\\\/\\\/box2537.temp.domains\\\/~santias2\\\/?s={search_term_string}\"},\"query-input\":{\"@type\":\"PropertyValueSpecification\",\"valueRequired\":true,\"valueName\":\"search_term_string\"}}],\"inLanguage\":\"es\"},{\"@type\":\"Organization\",\"@id\":\"http:\\\/\\\/box2537.temp.domains\\\/~santias2\\\/#organization\",\"name\":\"Santiago M\u00e1rquez Ramos\",\"url\":\"http:\\\/\\\/box2537.temp.domains\\\/~santias2\\\/\",\"logo\":{\"@type\":\"ImageObject\",\"inLanguage\":\"es\",\"@id\":\"http:\\\/\\\/box2537.temp.domains\\\/~santias2\\\/#\\\/schema\\\/logo\\\/image\\\/\",\"url\":\"https:\\\/\\\/i0.wp.com\\\/santiagomarquezramos.com\\\/wp-content\\\/uploads\\\/2023\\\/04\\\/android-chrome-192x192-1.png?fit=192%2C192&ssl=1\",\"contentUrl\":\"https:\\\/\\\/i0.wp.com\\\/santiagomarquezramos.com\\\/wp-content\\\/uploads\\\/2023\\\/04\\\/android-chrome-192x192-1.png?fit=192%2C192&ssl=1\",\"width\":192,\"height\":192,\"caption\":\"Santiago M\u00e1rquez Ramos\"},\"image\":{\"@id\":\"http:\\\/\\\/box2537.temp.domains\\\/~santias2\\\/#\\\/schema\\\/logo\\\/image\\\/\"}}]}<\/script>\n<!-- \/ Yoast SEO plugin. -->","yoast_head_json":{"title":"Clipboard Scribbles - Santiago M\u00e1rquez Ramos","robots":{"index":"index","follow":"follow","max-snippet":"max-snippet:-1","max-image-preview":"max-image-preview:large","max-video-preview":"max-video-preview:-1"},"canonical":"https:\/\/santiagomarquezramos.com\/es\/clipboard\/","og_locale":"es_MX","og_type":"article","og_title":"Clipboard Scribbles - Santiago M\u00e1rquez Ramos","og_url":"https:\/\/santiagomarquezramos.com\/es\/clipboard\/","og_site_name":"Santiago M\u00e1rquez Ramos","article_modified_time":"2023-11-27T03:47:10+00:00","twitter_card":"summary_large_image","twitter_misc":{"Tiempo de lectura":"1 minuto"},"schema":{"@context":"https:\/\/schema.org","@graph":[{"@type":"WebPage","@id":"https:\/\/santiagomarquezramos.com\/clipboard\/","url":"https:\/\/santiagomarquezramos.com\/clipboard\/","name":"Clipboard Scribbles - Santiago M\u00e1rquez Ramos","isPartOf":{"@id":"http:\/\/box2537.temp.domains\/~santias2\/#website"},"datePublished":"2023-04-17T17:35:02+00:00","dateModified":"2023-11-27T03:47:10+00:00","breadcrumb":{"@id":"https:\/\/santiagomarquezramos.com\/clipboard\/#breadcrumb"},"inLanguage":"es","potentialAction":[{"@type":"ReadAction","target":["https:\/\/santiagomarquezramos.com\/clipboard\/"]}]},{"@type":"BreadcrumbList","@id":"https:\/\/santiagomarquezramos.com\/clipboard\/#breadcrumb","itemListElement":[{"@type":"ListItem","position":1,"name":"Home","item":"https:\/\/santiagomarquezramos.com\/"},{"@type":"ListItem","position":2,"name":"Clipboard Scribbles"}]},{"@type":"WebSite","@id":"http:\/\/box2537.temp.domains\/~santias2\/#website","url":"http:\/\/box2537.temp.domains\/~santias2\/","name":"Santiago M\u00e1rquez Ramos","description":"Author website for Santiago M\u00e1rquez Ramos","publisher":{"@id":"http:\/\/box2537.temp.domains\/~santias2\/#organization"},"potentialAction":[{"@type":"SearchAction","target":{"@type":"EntryPoint","urlTemplate":"http:\/\/box2537.temp.domains\/~santias2\/?s={search_term_string}"},"query-input":{"@type":"PropertyValueSpecification","valueRequired":true,"valueName":"search_term_string"}}],"inLanguage":"es"},{"@type":"Organization","@id":"http:\/\/box2537.temp.domains\/~santias2\/#organization","name":"Santiago M\u00e1rquez Ramos","url":"http:\/\/box2537.temp.domains\/~santias2\/","logo":{"@type":"ImageObject","inLanguage":"es","@id":"http:\/\/box2537.temp.domains\/~santias2\/#\/schema\/logo\/image\/","url":"https:\/\/i0.wp.com\/santiagomarquezramos.com\/wp-content\/uploads\/2023\/04\/android-chrome-192x192-1.png?fit=192%2C192&ssl=1","contentUrl":"https:\/\/i0.wp.com\/santiagomarquezramos.com\/wp-content\/uploads\/2023\/04\/android-chrome-192x192-1.png?fit=192%2C192&ssl=1","width":192,"height":192,"caption":"Santiago M\u00e1rquez Ramos"},"image":{"@id":"http:\/\/box2537.temp.domains\/~santias2\/#\/schema\/logo\/image\/"}}]}},"jetpack_sharing_enabled":true,"_links":{"self":[{"href":"https:\/\/santiagomarquezramos.com\/es\/wp-json\/wp\/v2\/pages\/80","targetHints":{"allow":["GET"]}}],"collection":[{"href":"https:\/\/santiagomarquezramos.com\/es\/wp-json\/wp\/v2\/pages"}],"about":[{"href":"https:\/\/santiagomarquezramos.com\/es\/wp-json\/wp\/v2\/types\/page"}],"author":[{"embeddable":true,"href":"https:\/\/santiagomarquezramos.com\/es\/wp-json\/wp\/v2\/users\/2"}],"replies":[{"embeddable":true,"href":"https:\/\/santiagomarquezramos.com\/es\/wp-json\/wp\/v2\/comments?post=80"}],"version-history":[{"count":5,"href":"https:\/\/santiagomarquezramos.com\/es\/wp-json\/wp\/v2\/pages\/80\/revisions"}],"predecessor-version":[{"id":503,"href":"https:\/\/santiagomarquezramos.com\/es\/wp-json\/wp\/v2\/pages\/80\/revisions\/503"}],"wp:attachment":[{"href":"https:\/\/santiagomarquezramos.com\/es\/wp-json\/wp\/v2\/media?parent=80"}],"curies":[{"name":"wp","href":"https:\/\/api.w.org\/{rel}","templated":true}]}}