{"id":59,"date":"2023-04-17T15:46:56","date_gmt":"2023-04-17T15:46:56","guid":{"rendered":"https:\/\/www.santiagomarquezramos.com\/?page_id=59"},"modified":"2023-05-15T03:28:58","modified_gmt":"2023-05-15T03:28:58","slug":"behind-you","status":"publish","type":"page","link":"https:\/\/santiagomarquezramos.com\/es\/behind-you\/","title":{"rendered":"The Outside"},"content":{"rendered":"<pre class=\"wp-block-code\"><code>Te das la vuelta y... no hay nada. Rocas marrones polvorientas hasta el horizonte. Un cielo vasto y lleno de nubes. Miras hacia arriba, al infinito azul, entrecerrando los ojos. El cielo parpadea una vez, tenues l\u00edneas azules delineando el tope de una c\u00fapula transparente entre a las nubes. Frunces el ce\u00f1o, mirando hacia abajo. Una puerta aparece de la nada.\n\nIntentas abrir la puerta, pero notas que hay un letrero de \"portal en construcci\u00f3n\" justo debajo del pomo de la puerta. Murmuras hacia ti mismo, algo no muy agradable. Tratas de hacer una nota mental para recordar regresar, pero sabes que probablemente no lo recordar\u00e1s.\n\nMiras a tu alrededor y encuentras un bol\u00edgrafo en el suelo. Tal vez si escribes tu informaci\u00f3n de contacto debajo del letrero, Santiago te enviar\u00e1 un mensaje cuando est\u00e9 listo. O tal vez te envier\u00e1 alg\u00fan tipo de carta de noticias. Si muestras ser digno, al menos.<\/code><\/pre>\n\n\n\n<div class=\"wp-block-buttons is-content-justification-center is-layout-flex wp-container-core-buttons-is-layout-a89b3969 wp-block-buttons-is-layout-flex\">\n<div class=\"wp-block-button\"><a class=\"wp-block-button__link wp-element-button\" href=\"http:\/\/santiagomarquezramos.com\/es\/newsletter-signup\/\">Escribir tu informaci\u00f3n<\/a><\/div>\n\n\n\n<div class=\"wp-block-button\"><a class=\"wp-block-button__link wp-element-button\" href=\"https:\/\/santiagomarquezramos.com\/es\/house\/\">Regresa a la casa<\/a><\/div>\n<\/div>","protected":false},"excerpt":{"rendered":"","protected":false},"author":2,"featured_media":0,"parent":0,"menu_order":0,"comment_status":"closed","ping_status":"closed","template":"","meta":{"nf_dc_page":"","om_disable_all_campaigns":false,"_monsterinsights_skip_tracking":false,"_monsterinsights_sitenote_active":false,"_monsterinsights_sitenote_note":"","_monsterinsights_sitenote_category":0,"footnotes":""},"class_list":["post-59","page","type-page","status-publish","hentry"],"yoast_head":"<!-- This site is optimized with the Yoast SEO plugin v27.4 - https:\/\/yoast.com\/product\/yoast-seo-wordpress\/ -->\n<title>The Outside - Santiago M\u00e1rquez Ramos<\/title>\n<meta name=\"robots\" content=\"index, follow, max-snippet:-1, max-image-preview:large, max-video-preview:-1\" \/>\n<link rel=\"canonical\" href=\"https:\/\/santiagomarquezramos.com\/es\/behind-you\/\" \/>\n<meta property=\"og:locale\" content=\"es_MX\" \/>\n<meta property=\"og:type\" content=\"article\" \/>\n<meta property=\"og:title\" content=\"The Outside - Santiago M\u00e1rquez Ramos\" \/>\n<meta property=\"og:url\" content=\"https:\/\/santiagomarquezramos.com\/es\/behind-you\/\" \/>\n<meta property=\"og:site_name\" content=\"Santiago M\u00e1rquez Ramos\" \/>\n<meta property=\"article:modified_time\" content=\"2023-05-15T03:28:58+00:00\" \/>\n<meta name=\"twitter:card\" content=\"summary_large_image\" \/>\n<meta name=\"twitter:label1\" content=\"Tiempo de lectura\" \/>\n\t<meta name=\"twitter:data1\" content=\"1 minuto\" \/>\n<script type=\"application\/ld+json\" class=\"yoast-schema-graph\">{\"@context\":\"https:\\\/\\\/schema.org\",\"@graph\":[{\"@type\":\"WebPage\",\"@id\":\"https:\\\/\\\/santiagomarquezramos.com\\\/behind-you\\\/\",\"url\":\"https:\\\/\\\/santiagomarquezramos.com\\\/behind-you\\\/\",\"name\":\"The Outside - Santiago M\u00e1rquez Ramos\",\"isPartOf\":{\"@id\":\"http:\\\/\\\/box2537.temp.domains\\\/~santias2\\\/#website\"},\"datePublished\":\"2023-04-17T15:46:56+00:00\",\"dateModified\":\"2023-05-15T03:28:58+00:00\",\"breadcrumb\":{\"@id\":\"https:\\\/\\\/santiagomarquezramos.com\\\/behind-you\\\/#breadcrumb\"},\"inLanguage\":\"es\",\"potentialAction\":[{\"@type\":\"ReadAction\",\"target\":[\"https:\\\/\\\/santiagomarquezramos.com\\\/behind-you\\\/\"]}]},{\"@type\":\"BreadcrumbList\",\"@id\":\"https:\\\/\\\/santiagomarquezramos.com\\\/behind-you\\\/#breadcrumb\",\"itemListElement\":[{\"@type\":\"ListItem\",\"position\":1,\"name\":\"Home\",\"item\":\"https:\\\/\\\/santiagomarquezramos.com\\\/\"},{\"@type\":\"ListItem\",\"position\":2,\"name\":\"The Outside\"}]},{\"@type\":\"WebSite\",\"@id\":\"http:\\\/\\\/box2537.temp.domains\\\/~santias2\\\/#website\",\"url\":\"http:\\\/\\\/box2537.temp.domains\\\/~santias2\\\/\",\"name\":\"Santiago M\u00e1rquez Ramos\",\"description\":\"Author website for Santiago M\u00e1rquez Ramos\",\"publisher\":{\"@id\":\"http:\\\/\\\/box2537.temp.domains\\\/~santias2\\\/#organization\"},\"potentialAction\":[{\"@type\":\"SearchAction\",\"target\":{\"@type\":\"EntryPoint\",\"urlTemplate\":\"http:\\\/\\\/box2537.temp.domains\\\/~santias2\\\/?s={search_term_string}\"},\"query-input\":{\"@type\":\"PropertyValueSpecification\",\"valueRequired\":true,\"valueName\":\"search_term_string\"}}],\"inLanguage\":\"es\"},{\"@type\":\"Organization\",\"@id\":\"http:\\\/\\\/box2537.temp.domains\\\/~santias2\\\/#organization\",\"name\":\"Santiago M\u00e1rquez Ramos\",\"url\":\"http:\\\/\\\/box2537.temp.domains\\\/~santias2\\\/\",\"logo\":{\"@type\":\"ImageObject\",\"inLanguage\":\"es\",\"@id\":\"http:\\\/\\\/box2537.temp.domains\\\/~santias2\\\/#\\\/schema\\\/logo\\\/image\\\/\",\"url\":\"https:\\\/\\\/i0.wp.com\\\/santiagomarquezramos.com\\\/wp-content\\\/uploads\\\/2023\\\/04\\\/android-chrome-192x192-1.png?fit=192%2C192&ssl=1\",\"contentUrl\":\"https:\\\/\\\/i0.wp.com\\\/santiagomarquezramos.com\\\/wp-content\\\/uploads\\\/2023\\\/04\\\/android-chrome-192x192-1.png?fit=192%2C192&ssl=1\",\"width\":192,\"height\":192,\"caption\":\"Santiago M\u00e1rquez Ramos\"},\"image\":{\"@id\":\"http:\\\/\\\/box2537.temp.domains\\\/~santias2\\\/#\\\/schema\\\/logo\\\/image\\\/\"}}]}<\/script>\n<!-- \/ Yoast SEO plugin. -->","yoast_head_json":{"title":"The Outside - Santiago M\u00e1rquez Ramos","robots":{"index":"index","follow":"follow","max-snippet":"max-snippet:-1","max-image-preview":"max-image-preview:large","max-video-preview":"max-video-preview:-1"},"canonical":"https:\/\/santiagomarquezramos.com\/es\/behind-you\/","og_locale":"es_MX","og_type":"article","og_title":"The Outside - Santiago M\u00e1rquez Ramos","og_url":"https:\/\/santiagomarquezramos.com\/es\/behind-you\/","og_site_name":"Santiago M\u00e1rquez Ramos","article_modified_time":"2023-05-15T03:28:58+00:00","twitter_card":"summary_large_image","twitter_misc":{"Tiempo de lectura":"1 minuto"},"schema":{"@context":"https:\/\/schema.org","@graph":[{"@type":"WebPage","@id":"https:\/\/santiagomarquezramos.com\/behind-you\/","url":"https:\/\/santiagomarquezramos.com\/behind-you\/","name":"The Outside - Santiago M\u00e1rquez Ramos","isPartOf":{"@id":"http:\/\/box2537.temp.domains\/~santias2\/#website"},"datePublished":"2023-04-17T15:46:56+00:00","dateModified":"2023-05-15T03:28:58+00:00","breadcrumb":{"@id":"https:\/\/santiagomarquezramos.com\/behind-you\/#breadcrumb"},"inLanguage":"es","potentialAction":[{"@type":"ReadAction","target":["https:\/\/santiagomarquezramos.com\/behind-you\/"]}]},{"@type":"BreadcrumbList","@id":"https:\/\/santiagomarquezramos.com\/behind-you\/#breadcrumb","itemListElement":[{"@type":"ListItem","position":1,"name":"Home","item":"https:\/\/santiagomarquezramos.com\/"},{"@type":"ListItem","position":2,"name":"The Outside"}]},{"@type":"WebSite","@id":"http:\/\/box2537.temp.domains\/~santias2\/#website","url":"http:\/\/box2537.temp.domains\/~santias2\/","name":"Santiago M\u00e1rquez Ramos","description":"Author website for Santiago M\u00e1rquez Ramos","publisher":{"@id":"http:\/\/box2537.temp.domains\/~santias2\/#organization"},"potentialAction":[{"@type":"SearchAction","target":{"@type":"EntryPoint","urlTemplate":"http:\/\/box2537.temp.domains\/~santias2\/?s={search_term_string}"},"query-input":{"@type":"PropertyValueSpecification","valueRequired":true,"valueName":"search_term_string"}}],"inLanguage":"es"},{"@type":"Organization","@id":"http:\/\/box2537.temp.domains\/~santias2\/#organization","name":"Santiago M\u00e1rquez Ramos","url":"http:\/\/box2537.temp.domains\/~santias2\/","logo":{"@type":"ImageObject","inLanguage":"es","@id":"http:\/\/box2537.temp.domains\/~santias2\/#\/schema\/logo\/image\/","url":"https:\/\/i0.wp.com\/santiagomarquezramos.com\/wp-content\/uploads\/2023\/04\/android-chrome-192x192-1.png?fit=192%2C192&ssl=1","contentUrl":"https:\/\/i0.wp.com\/santiagomarquezramos.com\/wp-content\/uploads\/2023\/04\/android-chrome-192x192-1.png?fit=192%2C192&ssl=1","width":192,"height":192,"caption":"Santiago M\u00e1rquez Ramos"},"image":{"@id":"http:\/\/box2537.temp.domains\/~santias2\/#\/schema\/logo\/image\/"}}]}},"jetpack_sharing_enabled":true,"_links":{"self":[{"href":"https:\/\/santiagomarquezramos.com\/es\/wp-json\/wp\/v2\/pages\/59","targetHints":{"allow":["GET"]}}],"collection":[{"href":"https:\/\/santiagomarquezramos.com\/es\/wp-json\/wp\/v2\/pages"}],"about":[{"href":"https:\/\/santiagomarquezramos.com\/es\/wp-json\/wp\/v2\/types\/page"}],"author":[{"embeddable":true,"href":"https:\/\/santiagomarquezramos.com\/es\/wp-json\/wp\/v2\/users\/2"}],"replies":[{"embeddable":true,"href":"https:\/\/santiagomarquezramos.com\/es\/wp-json\/wp\/v2\/comments?post=59"}],"version-history":[{"count":5,"href":"https:\/\/santiagomarquezramos.com\/es\/wp-json\/wp\/v2\/pages\/59\/revisions"}],"predecessor-version":[{"id":356,"href":"https:\/\/santiagomarquezramos.com\/es\/wp-json\/wp\/v2\/pages\/59\/revisions\/356"}],"wp:attachment":[{"href":"https:\/\/santiagomarquezramos.com\/es\/wp-json\/wp\/v2\/media?parent=59"}],"curies":[{"name":"wp","href":"https:\/\/api.w.org\/{rel}","templated":true}]}}