{"id":42,"date":"2023-04-17T15:09:06","date_gmt":"2023-04-17T15:09:06","guid":{"rendered":"https:\/\/www.santiagomarquezramos.com\/?page_id=42"},"modified":"2023-04-25T17:17:37","modified_gmt":"2023-04-25T17:17:37","slug":"hallway","status":"publish","type":"page","link":"https:\/\/santiagomarquezramos.com\/es\/hallway\/","title":{"rendered":"Hallway"},"content":{"rendered":"<pre class=\"wp-block-code\"><code>Entras por la puerta principal y te encuentras en un pasillo estrecho, delineado por tres puertas. Una bombilla desnuda y parpadeante cuelga del techo alto. Recuerdas algo sobre autores sin fondos y rezas por que la luz no se apague. Los dedos de tus pies pisan una alfombra afelpada, suave y c\u00e1lida que se extiende por el pasillo (m\u00e1s adelante tendremos que discutir por qu\u00e9 est\u00e1s descalzo en la casa de un extra\u00f1o). Notas que cada puerta tiene un letrero y entrecierras los ojos para leerlos.\n\nLa puerta a tu derecha dice \"Biblioteca\". Una r\u00e1faga viene de debajo de la puerta, con un aroma a libros antiguos y aventuras. Te imaginas que ah\u00ed encontrar\u00e1s las historias de Santiago.\n\nLa puerta al otro extremo del pasillo dice \"Cuarto. Est\u00e1 ligeramente abierta y crees que probablemente puedas aprender m\u00e1s sobre Santiago all\u00ed.\n\nLa puerta a tu izquierda dice \"Estudio\". Hay un suave resplandor iluminando la apertura debajo de la puerta, verde y palpitante, y un zumbido bajo. Te imaginas que dentro hay un portal de comunicaci\u00f3n.<\/code><\/pre>\n\n\n\n<div class=\"wp-block-buttons is-content-justification-center is-layout-flex wp-container-core-buttons-is-layout-a89b3969 wp-block-buttons-is-layout-flex\">\n<div class=\"wp-block-button\"><a class=\"wp-block-button__link wp-element-button\" href=\"http:\/\/santiagomarquezramos.com\/es\/library\/\">Entrar a la Biblioteca<\/a><\/div>\n\n\n\n<div class=\"wp-block-button\"><a class=\"wp-block-button__link wp-element-button\" href=\"http:\/\/santiagomarquezramos.com\/es\/bedroom\/\">Entrar al Cuarto<\/a><\/div>\n\n\n\n<div class=\"wp-block-button\"><a class=\"wp-block-button__link wp-element-button\" href=\"http:\/\/santiagomarquezramos.com\/es\/study\/\">Entrar al Estudio<\/a><\/div>\n<\/div>\n\n\n\n<div class=\"wp-block-buttons is-content-justification-center is-layout-flex wp-container-core-buttons-is-layout-a89b3969 wp-block-buttons-is-layout-flex\">\n<div class=\"wp-block-button\"><a class=\"wp-block-button__link wp-element-button\" href=\"https:\/\/santiagomarquezramos.com\/es\/house\/\">Retroceder<\/a><\/div>\n<\/div>","protected":false},"excerpt":{"rendered":"","protected":false},"author":2,"featured_media":0,"parent":0,"menu_order":0,"comment_status":"closed","ping_status":"closed","template":"","meta":{"nf_dc_page":"","om_disable_all_campaigns":false,"_monsterinsights_skip_tracking":false,"_monsterinsights_sitenote_active":false,"_monsterinsights_sitenote_note":"","_monsterinsights_sitenote_category":0,"footnotes":""},"class_list":["post-42","page","type-page","status-publish","hentry"],"yoast_head":"<!-- This site is optimized with the Yoast SEO plugin v27.4 - https:\/\/yoast.com\/product\/yoast-seo-wordpress\/ -->\n<title>Hallway - Santiago M\u00e1rquez Ramos<\/title>\n<meta name=\"robots\" content=\"index, follow, max-snippet:-1, max-image-preview:large, max-video-preview:-1\" \/>\n<link rel=\"canonical\" href=\"https:\/\/santiagomarquezramos.com\/es\/hallway\/\" \/>\n<meta property=\"og:locale\" content=\"es_MX\" \/>\n<meta property=\"og:type\" content=\"article\" \/>\n<meta property=\"og:title\" content=\"Hallway - Santiago M\u00e1rquez Ramos\" \/>\n<meta property=\"og:url\" content=\"https:\/\/santiagomarquezramos.com\/es\/hallway\/\" \/>\n<meta property=\"og:site_name\" content=\"Santiago M\u00e1rquez Ramos\" \/>\n<meta property=\"article:modified_time\" content=\"2023-04-25T17:17:37+00:00\" \/>\n<meta name=\"twitter:card\" content=\"summary_large_image\" \/>\n<meta name=\"twitter:label1\" content=\"Tiempo de lectura\" \/>\n\t<meta name=\"twitter:data1\" content=\"1 minuto\" \/>\n<script type=\"application\/ld+json\" class=\"yoast-schema-graph\">{\"@context\":\"https:\\\/\\\/schema.org\",\"@graph\":[{\"@type\":\"WebPage\",\"@id\":\"https:\\\/\\\/santiagomarquezramos.com\\\/hallway\\\/\",\"url\":\"https:\\\/\\\/santiagomarquezramos.com\\\/hallway\\\/\",\"name\":\"Hallway - Santiago M\u00e1rquez Ramos\",\"isPartOf\":{\"@id\":\"http:\\\/\\\/box2537.temp.domains\\\/~santias2\\\/#website\"},\"datePublished\":\"2023-04-17T15:09:06+00:00\",\"dateModified\":\"2023-04-25T17:17:37+00:00\",\"breadcrumb\":{\"@id\":\"https:\\\/\\\/santiagomarquezramos.com\\\/hallway\\\/#breadcrumb\"},\"inLanguage\":\"es\",\"potentialAction\":[{\"@type\":\"ReadAction\",\"target\":[\"https:\\\/\\\/santiagomarquezramos.com\\\/hallway\\\/\"]}]},{\"@type\":\"BreadcrumbList\",\"@id\":\"https:\\\/\\\/santiagomarquezramos.com\\\/hallway\\\/#breadcrumb\",\"itemListElement\":[{\"@type\":\"ListItem\",\"position\":1,\"name\":\"Home\",\"item\":\"https:\\\/\\\/santiagomarquezramos.com\\\/\"},{\"@type\":\"ListItem\",\"position\":2,\"name\":\"Hallway\"}]},{\"@type\":\"WebSite\",\"@id\":\"http:\\\/\\\/box2537.temp.domains\\\/~santias2\\\/#website\",\"url\":\"http:\\\/\\\/box2537.temp.domains\\\/~santias2\\\/\",\"name\":\"Santiago M\u00e1rquez Ramos\",\"description\":\"Author website for Santiago M\u00e1rquez Ramos\",\"publisher\":{\"@id\":\"http:\\\/\\\/box2537.temp.domains\\\/~santias2\\\/#organization\"},\"potentialAction\":[{\"@type\":\"SearchAction\",\"target\":{\"@type\":\"EntryPoint\",\"urlTemplate\":\"http:\\\/\\\/box2537.temp.domains\\\/~santias2\\\/?s={search_term_string}\"},\"query-input\":{\"@type\":\"PropertyValueSpecification\",\"valueRequired\":true,\"valueName\":\"search_term_string\"}}],\"inLanguage\":\"es\"},{\"@type\":\"Organization\",\"@id\":\"http:\\\/\\\/box2537.temp.domains\\\/~santias2\\\/#organization\",\"name\":\"Santiago M\u00e1rquez Ramos\",\"url\":\"http:\\\/\\\/box2537.temp.domains\\\/~santias2\\\/\",\"logo\":{\"@type\":\"ImageObject\",\"inLanguage\":\"es\",\"@id\":\"http:\\\/\\\/box2537.temp.domains\\\/~santias2\\\/#\\\/schema\\\/logo\\\/image\\\/\",\"url\":\"https:\\\/\\\/i0.wp.com\\\/santiagomarquezramos.com\\\/wp-content\\\/uploads\\\/2023\\\/04\\\/android-chrome-192x192-1.png?fit=192%2C192&ssl=1\",\"contentUrl\":\"https:\\\/\\\/i0.wp.com\\\/santiagomarquezramos.com\\\/wp-content\\\/uploads\\\/2023\\\/04\\\/android-chrome-192x192-1.png?fit=192%2C192&ssl=1\",\"width\":192,\"height\":192,\"caption\":\"Santiago M\u00e1rquez Ramos\"},\"image\":{\"@id\":\"http:\\\/\\\/box2537.temp.domains\\\/~santias2\\\/#\\\/schema\\\/logo\\\/image\\\/\"}}]}<\/script>\n<!-- \/ Yoast SEO plugin. -->","yoast_head_json":{"title":"Hallway - Santiago M\u00e1rquez Ramos","robots":{"index":"index","follow":"follow","max-snippet":"max-snippet:-1","max-image-preview":"max-image-preview:large","max-video-preview":"max-video-preview:-1"},"canonical":"https:\/\/santiagomarquezramos.com\/es\/hallway\/","og_locale":"es_MX","og_type":"article","og_title":"Hallway - Santiago M\u00e1rquez Ramos","og_url":"https:\/\/santiagomarquezramos.com\/es\/hallway\/","og_site_name":"Santiago M\u00e1rquez Ramos","article_modified_time":"2023-04-25T17:17:37+00:00","twitter_card":"summary_large_image","twitter_misc":{"Tiempo de lectura":"1 minuto"},"schema":{"@context":"https:\/\/schema.org","@graph":[{"@type":"WebPage","@id":"https:\/\/santiagomarquezramos.com\/hallway\/","url":"https:\/\/santiagomarquezramos.com\/hallway\/","name":"Hallway - Santiago M\u00e1rquez Ramos","isPartOf":{"@id":"http:\/\/box2537.temp.domains\/~santias2\/#website"},"datePublished":"2023-04-17T15:09:06+00:00","dateModified":"2023-04-25T17:17:37+00:00","breadcrumb":{"@id":"https:\/\/santiagomarquezramos.com\/hallway\/#breadcrumb"},"inLanguage":"es","potentialAction":[{"@type":"ReadAction","target":["https:\/\/santiagomarquezramos.com\/hallway\/"]}]},{"@type":"BreadcrumbList","@id":"https:\/\/santiagomarquezramos.com\/hallway\/#breadcrumb","itemListElement":[{"@type":"ListItem","position":1,"name":"Home","item":"https:\/\/santiagomarquezramos.com\/"},{"@type":"ListItem","position":2,"name":"Hallway"}]},{"@type":"WebSite","@id":"http:\/\/box2537.temp.domains\/~santias2\/#website","url":"http:\/\/box2537.temp.domains\/~santias2\/","name":"Santiago M\u00e1rquez Ramos","description":"Author website for Santiago M\u00e1rquez Ramos","publisher":{"@id":"http:\/\/box2537.temp.domains\/~santias2\/#organization"},"potentialAction":[{"@type":"SearchAction","target":{"@type":"EntryPoint","urlTemplate":"http:\/\/box2537.temp.domains\/~santias2\/?s={search_term_string}"},"query-input":{"@type":"PropertyValueSpecification","valueRequired":true,"valueName":"search_term_string"}}],"inLanguage":"es"},{"@type":"Organization","@id":"http:\/\/box2537.temp.domains\/~santias2\/#organization","name":"Santiago M\u00e1rquez Ramos","url":"http:\/\/box2537.temp.domains\/~santias2\/","logo":{"@type":"ImageObject","inLanguage":"es","@id":"http:\/\/box2537.temp.domains\/~santias2\/#\/schema\/logo\/image\/","url":"https:\/\/i0.wp.com\/santiagomarquezramos.com\/wp-content\/uploads\/2023\/04\/android-chrome-192x192-1.png?fit=192%2C192&ssl=1","contentUrl":"https:\/\/i0.wp.com\/santiagomarquezramos.com\/wp-content\/uploads\/2023\/04\/android-chrome-192x192-1.png?fit=192%2C192&ssl=1","width":192,"height":192,"caption":"Santiago M\u00e1rquez Ramos"},"image":{"@id":"http:\/\/box2537.temp.domains\/~santias2\/#\/schema\/logo\/image\/"}}]}},"jetpack_sharing_enabled":true,"_links":{"self":[{"href":"https:\/\/santiagomarquezramos.com\/es\/wp-json\/wp\/v2\/pages\/42","targetHints":{"allow":["GET"]}}],"collection":[{"href":"https:\/\/santiagomarquezramos.com\/es\/wp-json\/wp\/v2\/pages"}],"about":[{"href":"https:\/\/santiagomarquezramos.com\/es\/wp-json\/wp\/v2\/types\/page"}],"author":[{"embeddable":true,"href":"https:\/\/santiagomarquezramos.com\/es\/wp-json\/wp\/v2\/users\/2"}],"replies":[{"embeddable":true,"href":"https:\/\/santiagomarquezramos.com\/es\/wp-json\/wp\/v2\/comments?post=42"}],"version-history":[{"count":14,"href":"https:\/\/santiagomarquezramos.com\/es\/wp-json\/wp\/v2\/pages\/42\/revisions"}],"predecessor-version":[{"id":291,"href":"https:\/\/santiagomarquezramos.com\/es\/wp-json\/wp\/v2\/pages\/42\/revisions\/291"}],"wp:attachment":[{"href":"https:\/\/santiagomarquezramos.com\/es\/wp-json\/wp\/v2\/media?parent=42"}],"curies":[{"name":"wp","href":"https:\/\/api.w.org\/{rel}","templated":true}]}}