{"id":37,"date":"2023-04-17T15:02:36","date_gmt":"2023-04-17T15:02:36","guid":{"rendered":"https:\/\/www.santiagomarquezramos.com\/?page_id=37"},"modified":"2023-05-11T03:32:41","modified_gmt":"2023-05-11T03:32:41","slug":"house","status":"publish","type":"page","link":"https:\/\/santiagomarquezramos.com\/es\/house\/","title":{"rendered":"La Aventura en Texto"},"content":{"rendered":"<pre class=\"wp-block-code\"><code>Te encuentras en la entrada de una casa. Es una entrada extra\u00f1a, moderna. Blanca y escueta, pero no de forma pretenciosa. M\u00e1s bien, lo interpretas como la entrada de un autor sin habilidades de programaci\u00f3n y sin fondos. Esperabas algo m\u00e1s colorido, m\u00e1s v\u00edvido, pero esto es lo que te encuentras, por ahora. Miras hacia arriba, notando algo resaltando de la plenura. Un nombre, escrito en el marco con letra ara\u00f1osa:\n\nSantiago M\u00e1rquez Ramos\n\nPuede que sepas qui\u00e9n es, pero probablemente no. Todav\u00eda no, no realmente. Curiosidad nace dentro de ti, brillante y con apuro. Cierta energ\u00eda sale de la casa, como electricidad est\u00e1tica. O como magia. Sientes los pelos de tus brazos pararse de punta ante los misterios que acechan m\u00e1s all\u00e1 de la entrada principal. <\/code><\/pre>\n\n\n\n<div class=\"wp-block-buttons is-content-justification-center is-layout-flex wp-container-core-buttons-is-layout-a89b3969 wp-block-buttons-is-layout-flex\">\n<div class=\"wp-block-button\"><a class=\"wp-block-button__link has-text-align-center wp-element-button\" href=\"http:\/\/santiagomarquezramos.com\/es\/hallway\/\">Entra a la casa<\/a><\/div>\n\n\n\n<div class=\"wp-block-button\"><a class=\"wp-block-button__link wp-element-button\" href=\"http:\/\/santiagomarquezramos.com\/es\/behind-you\/\">Mira a tu alrededor<\/a><\/div>\n\n\n\n<div class=\"wp-block-button\"><a class=\"wp-block-button__link wp-element-button\" href=\"http:\/\/santiagomarquezramos.com\/es\/dont-leave-please\/\">Est\u00e1 muy raro esto, llevame a un sitio web normal por favor<\/a><\/div>\n<\/div>","protected":false},"excerpt":{"rendered":"","protected":false},"author":2,"featured_media":0,"parent":0,"menu_order":0,"comment_status":"closed","ping_status":"closed","template":"","meta":{"nf_dc_page":"","om_disable_all_campaigns":false,"_monsterinsights_skip_tracking":false,"_monsterinsights_sitenote_active":false,"_monsterinsights_sitenote_note":"","_monsterinsights_sitenote_category":0,"footnotes":""},"class_list":["post-37","page","type-page","status-publish","hentry"],"yoast_head":"<!-- This site is optimized with the Yoast SEO plugin v27.4 - https:\/\/yoast.com\/product\/yoast-seo-wordpress\/ -->\n<title>The Text-Based Adventure - Santiago M\u00e1rquez Ramos<\/title>\n<meta name=\"robots\" content=\"index, follow, max-snippet:-1, max-image-preview:large, max-video-preview:-1\" \/>\n<link rel=\"canonical\" href=\"https:\/\/santiagomarquezramos.com\/es\/house\/\" \/>\n<meta property=\"og:locale\" content=\"es_MX\" \/>\n<meta property=\"og:type\" content=\"article\" \/>\n<meta property=\"og:title\" content=\"The Text-Based Adventure - Santiago M\u00e1rquez Ramos\" \/>\n<meta property=\"og:url\" content=\"https:\/\/santiagomarquezramos.com\/es\/house\/\" \/>\n<meta property=\"og:site_name\" content=\"Santiago M\u00e1rquez Ramos\" \/>\n<meta property=\"article:modified_time\" content=\"2023-05-11T03:32:41+00:00\" \/>\n<meta name=\"twitter:card\" content=\"summary_large_image\" \/>\n<meta name=\"twitter:label1\" content=\"Tiempo de lectura\" \/>\n\t<meta name=\"twitter:data1\" content=\"1 minuto\" \/>\n<script type=\"application\/ld+json\" class=\"yoast-schema-graph\">{\"@context\":\"https:\\\/\\\/schema.org\",\"@graph\":[{\"@type\":\"WebPage\",\"@id\":\"https:\\\/\\\/santiagomarquezramos.com\\\/house\\\/\",\"url\":\"https:\\\/\\\/santiagomarquezramos.com\\\/house\\\/\",\"name\":\"The Text-Based Adventure - Santiago M\u00e1rquez Ramos\",\"isPartOf\":{\"@id\":\"http:\\\/\\\/box2537.temp.domains\\\/~santias2\\\/#website\"},\"datePublished\":\"2023-04-17T15:02:36+00:00\",\"dateModified\":\"2023-05-11T03:32:41+00:00\",\"breadcrumb\":{\"@id\":\"https:\\\/\\\/santiagomarquezramos.com\\\/house\\\/#breadcrumb\"},\"inLanguage\":\"es\",\"potentialAction\":[{\"@type\":\"ReadAction\",\"target\":[\"https:\\\/\\\/santiagomarquezramos.com\\\/house\\\/\"]}]},{\"@type\":\"BreadcrumbList\",\"@id\":\"https:\\\/\\\/santiagomarquezramos.com\\\/house\\\/#breadcrumb\",\"itemListElement\":[{\"@type\":\"ListItem\",\"position\":1,\"name\":\"Home\",\"item\":\"https:\\\/\\\/santiagomarquezramos.com\\\/\"},{\"@type\":\"ListItem\",\"position\":2,\"name\":\"The Text-Based Adventure\"}]},{\"@type\":\"WebSite\",\"@id\":\"http:\\\/\\\/box2537.temp.domains\\\/~santias2\\\/#website\",\"url\":\"http:\\\/\\\/box2537.temp.domains\\\/~santias2\\\/\",\"name\":\"Santiago M\u00e1rquez Ramos\",\"description\":\"Author website for Santiago M\u00e1rquez Ramos\",\"publisher\":{\"@id\":\"http:\\\/\\\/box2537.temp.domains\\\/~santias2\\\/#organization\"},\"potentialAction\":[{\"@type\":\"SearchAction\",\"target\":{\"@type\":\"EntryPoint\",\"urlTemplate\":\"http:\\\/\\\/box2537.temp.domains\\\/~santias2\\\/?s={search_term_string}\"},\"query-input\":{\"@type\":\"PropertyValueSpecification\",\"valueRequired\":true,\"valueName\":\"search_term_string\"}}],\"inLanguage\":\"es\"},{\"@type\":\"Organization\",\"@id\":\"http:\\\/\\\/box2537.temp.domains\\\/~santias2\\\/#organization\",\"name\":\"Santiago M\u00e1rquez Ramos\",\"url\":\"http:\\\/\\\/box2537.temp.domains\\\/~santias2\\\/\",\"logo\":{\"@type\":\"ImageObject\",\"inLanguage\":\"es\",\"@id\":\"http:\\\/\\\/box2537.temp.domains\\\/~santias2\\\/#\\\/schema\\\/logo\\\/image\\\/\",\"url\":\"https:\\\/\\\/i0.wp.com\\\/santiagomarquezramos.com\\\/wp-content\\\/uploads\\\/2023\\\/04\\\/android-chrome-192x192-1.png?fit=192%2C192&ssl=1\",\"contentUrl\":\"https:\\\/\\\/i0.wp.com\\\/santiagomarquezramos.com\\\/wp-content\\\/uploads\\\/2023\\\/04\\\/android-chrome-192x192-1.png?fit=192%2C192&ssl=1\",\"width\":192,\"height\":192,\"caption\":\"Santiago M\u00e1rquez Ramos\"},\"image\":{\"@id\":\"http:\\\/\\\/box2537.temp.domains\\\/~santias2\\\/#\\\/schema\\\/logo\\\/image\\\/\"}}]}<\/script>\n<!-- \/ Yoast SEO plugin. -->","yoast_head_json":{"title":"The Text-Based Adventure - Santiago M\u00e1rquez Ramos","robots":{"index":"index","follow":"follow","max-snippet":"max-snippet:-1","max-image-preview":"max-image-preview:large","max-video-preview":"max-video-preview:-1"},"canonical":"https:\/\/santiagomarquezramos.com\/es\/house\/","og_locale":"es_MX","og_type":"article","og_title":"The Text-Based Adventure - Santiago M\u00e1rquez Ramos","og_url":"https:\/\/santiagomarquezramos.com\/es\/house\/","og_site_name":"Santiago M\u00e1rquez Ramos","article_modified_time":"2023-05-11T03:32:41+00:00","twitter_card":"summary_large_image","twitter_misc":{"Tiempo de lectura":"1 minuto"},"schema":{"@context":"https:\/\/schema.org","@graph":[{"@type":"WebPage","@id":"https:\/\/santiagomarquezramos.com\/house\/","url":"https:\/\/santiagomarquezramos.com\/house\/","name":"The Text-Based Adventure - Santiago M\u00e1rquez Ramos","isPartOf":{"@id":"http:\/\/box2537.temp.domains\/~santias2\/#website"},"datePublished":"2023-04-17T15:02:36+00:00","dateModified":"2023-05-11T03:32:41+00:00","breadcrumb":{"@id":"https:\/\/santiagomarquezramos.com\/house\/#breadcrumb"},"inLanguage":"es","potentialAction":[{"@type":"ReadAction","target":["https:\/\/santiagomarquezramos.com\/house\/"]}]},{"@type":"BreadcrumbList","@id":"https:\/\/santiagomarquezramos.com\/house\/#breadcrumb","itemListElement":[{"@type":"ListItem","position":1,"name":"Home","item":"https:\/\/santiagomarquezramos.com\/"},{"@type":"ListItem","position":2,"name":"The Text-Based Adventure"}]},{"@type":"WebSite","@id":"http:\/\/box2537.temp.domains\/~santias2\/#website","url":"http:\/\/box2537.temp.domains\/~santias2\/","name":"Santiago M\u00e1rquez Ramos","description":"Author website for Santiago M\u00e1rquez Ramos","publisher":{"@id":"http:\/\/box2537.temp.domains\/~santias2\/#organization"},"potentialAction":[{"@type":"SearchAction","target":{"@type":"EntryPoint","urlTemplate":"http:\/\/box2537.temp.domains\/~santias2\/?s={search_term_string}"},"query-input":{"@type":"PropertyValueSpecification","valueRequired":true,"valueName":"search_term_string"}}],"inLanguage":"es"},{"@type":"Organization","@id":"http:\/\/box2537.temp.domains\/~santias2\/#organization","name":"Santiago M\u00e1rquez Ramos","url":"http:\/\/box2537.temp.domains\/~santias2\/","logo":{"@type":"ImageObject","inLanguage":"es","@id":"http:\/\/box2537.temp.domains\/~santias2\/#\/schema\/logo\/image\/","url":"https:\/\/i0.wp.com\/santiagomarquezramos.com\/wp-content\/uploads\/2023\/04\/android-chrome-192x192-1.png?fit=192%2C192&ssl=1","contentUrl":"https:\/\/i0.wp.com\/santiagomarquezramos.com\/wp-content\/uploads\/2023\/04\/android-chrome-192x192-1.png?fit=192%2C192&ssl=1","width":192,"height":192,"caption":"Santiago M\u00e1rquez Ramos"},"image":{"@id":"http:\/\/box2537.temp.domains\/~santias2\/#\/schema\/logo\/image\/"}}]}},"jetpack_sharing_enabled":true,"_links":{"self":[{"href":"https:\/\/santiagomarquezramos.com\/es\/wp-json\/wp\/v2\/pages\/37","targetHints":{"allow":["GET"]}}],"collection":[{"href":"https:\/\/santiagomarquezramos.com\/es\/wp-json\/wp\/v2\/pages"}],"about":[{"href":"https:\/\/santiagomarquezramos.com\/es\/wp-json\/wp\/v2\/types\/page"}],"author":[{"embeddable":true,"href":"https:\/\/santiagomarquezramos.com\/es\/wp-json\/wp\/v2\/users\/2"}],"replies":[{"embeddable":true,"href":"https:\/\/santiagomarquezramos.com\/es\/wp-json\/wp\/v2\/comments?post=37"}],"version-history":[{"count":18,"href":"https:\/\/santiagomarquezramos.com\/es\/wp-json\/wp\/v2\/pages\/37\/revisions"}],"predecessor-version":[{"id":354,"href":"https:\/\/santiagomarquezramos.com\/es\/wp-json\/wp\/v2\/pages\/37\/revisions\/354"}],"wp:attachment":[{"href":"https:\/\/santiagomarquezramos.com\/es\/wp-json\/wp\/v2\/media?parent=37"}],"curies":[{"name":"wp","href":"https:\/\/api.w.org\/{rel}","templated":true}]}}