{"id":309,"date":"2023-04-28T15:38:57","date_gmt":"2023-04-28T15:38:57","guid":{"rendered":"https:\/\/santiagomarquezramos.com\/?page_id=309"},"modified":"2023-04-28T15:40:33","modified_gmt":"2023-04-28T15:40:33","slug":"rejections","status":"publish","type":"page","link":"https:\/\/santiagomarquezramos.com\/es\/rejections\/","title":{"rendered":"Rejections"},"content":{"rendered":"<pre class=\"wp-block-code\"><code>Te agachas junto a la pila de papeles, tir\u00e1ndolos accidentalmente. Una cantidad inaudita de rechazos, dicendo \"gracias por enviarnos tu cuento, desafortunadamente no encaja...\" revolotean al tu alrededor en sus muchas variaciones, de revistas y diarios que ni siquiera sab\u00edas que exist\u00edan. Frunces el ce\u00f1o, abrumado. Odias los rechazos y no puedes imaginarte la raz\u00f3n por la cual alguien se quedar\u00eda con las cartas de rechazo. Aunque, tal vez servir\u00edan para empezar un fuego en la chimenea. Sonriendo, empiezas a organizarlos de nuevo.\n\nMientras los levantas, nota marcos peque\u00f1os adornando el rinc\u00f3n. Dentro de cada uno hay una carta de rechazo, pero en lugar de mensajes gen\u00e9ricos, tienen rechazos y comentarios personalizados. Al parecer es una galer\u00eda de rechazos bonitos. Te das cuenta de que Santiago celebra sus rechazos. Que tal vez los rechazos no sean tan malos, porque significan que est\u00e1s escribiendo. Tal vez sean un signo de avance, aunque no sea el avance ideal. Tal vez. O tal vez est\u00e1 loco. Gru\u00f1es en reconocimiento de cualquier manera.\n\nDebajo de los papeles, ves una caja de f\u00f3sforos.\r<\/code><\/pre>\n\n\n\n<div class=\"wp-block-buttons is-content-justification-center is-layout-flex wp-container-core-buttons-is-layout-a89b3969 wp-block-buttons-is-layout-flex\">\n<div class=\"wp-block-button matches-btn\"><a class=\"wp-block-button__link wp-element-button\">Agarra los f\u00f3sforos<\/a><\/div>\n\n\n\n<div class=\"wp-block-button\"><a class=\"wp-block-button__link wp-element-button\" href=\"https:\/\/santiagomarquezramos.com\/es\/library\/\">Retroceder<\/a><\/div>\n<\/div>","protected":false},"excerpt":{"rendered":"","protected":false},"author":3,"featured_media":0,"parent":0,"menu_order":0,"comment_status":"closed","ping_status":"closed","template":"","meta":{"nf_dc_page":"","om_disable_all_campaigns":false,"_monsterinsights_skip_tracking":false,"_monsterinsights_sitenote_active":false,"_monsterinsights_sitenote_note":"","_monsterinsights_sitenote_category":0,"footnotes":""},"class_list":["post-309","page","type-page","status-publish","hentry"],"yoast_head":"<!-- This site is optimized with the Yoast SEO plugin v27.4 - https:\/\/yoast.com\/product\/yoast-seo-wordpress\/ -->\n<title>Rejections - Santiago M\u00e1rquez Ramos<\/title>\n<meta name=\"robots\" content=\"index, follow, max-snippet:-1, max-image-preview:large, max-video-preview:-1\" \/>\n<link rel=\"canonical\" href=\"https:\/\/santiagomarquezramos.com\/es\/rejections\/\" \/>\n<meta property=\"og:locale\" content=\"es_MX\" \/>\n<meta property=\"og:type\" content=\"article\" \/>\n<meta property=\"og:title\" content=\"Rejections - Santiago M\u00e1rquez Ramos\" \/>\n<meta property=\"og:url\" content=\"https:\/\/santiagomarquezramos.com\/es\/rejections\/\" \/>\n<meta property=\"og:site_name\" content=\"Santiago M\u00e1rquez Ramos\" \/>\n<meta property=\"article:modified_time\" content=\"2023-04-28T15:40:33+00:00\" \/>\n<meta name=\"twitter:card\" content=\"summary_large_image\" \/>\n<meta name=\"twitter:label1\" content=\"Tiempo de lectura\" \/>\n\t<meta name=\"twitter:data1\" content=\"1 minuto\" \/>\n<script type=\"application\/ld+json\" class=\"yoast-schema-graph\">{\"@context\":\"https:\\\/\\\/schema.org\",\"@graph\":[{\"@type\":\"WebPage\",\"@id\":\"https:\\\/\\\/santiagomarquezramos.com\\\/rejections\\\/\",\"url\":\"https:\\\/\\\/santiagomarquezramos.com\\\/rejections\\\/\",\"name\":\"Rejections - Santiago M\u00e1rquez Ramos\",\"isPartOf\":{\"@id\":\"http:\\\/\\\/box2537.temp.domains\\\/~santias2\\\/#website\"},\"datePublished\":\"2023-04-28T15:38:57+00:00\",\"dateModified\":\"2023-04-28T15:40:33+00:00\",\"breadcrumb\":{\"@id\":\"https:\\\/\\\/santiagomarquezramos.com\\\/rejections\\\/#breadcrumb\"},\"inLanguage\":\"es\",\"potentialAction\":[{\"@type\":\"ReadAction\",\"target\":[\"https:\\\/\\\/santiagomarquezramos.com\\\/rejections\\\/\"]}]},{\"@type\":\"BreadcrumbList\",\"@id\":\"https:\\\/\\\/santiagomarquezramos.com\\\/rejections\\\/#breadcrumb\",\"itemListElement\":[{\"@type\":\"ListItem\",\"position\":1,\"name\":\"Home\",\"item\":\"https:\\\/\\\/santiagomarquezramos.com\\\/\"},{\"@type\":\"ListItem\",\"position\":2,\"name\":\"Rejections\"}]},{\"@type\":\"WebSite\",\"@id\":\"http:\\\/\\\/box2537.temp.domains\\\/~santias2\\\/#website\",\"url\":\"http:\\\/\\\/box2537.temp.domains\\\/~santias2\\\/\",\"name\":\"Santiago M\u00e1rquez Ramos\",\"description\":\"Author website for Santiago M\u00e1rquez Ramos\",\"publisher\":{\"@id\":\"http:\\\/\\\/box2537.temp.domains\\\/~santias2\\\/#organization\"},\"potentialAction\":[{\"@type\":\"SearchAction\",\"target\":{\"@type\":\"EntryPoint\",\"urlTemplate\":\"http:\\\/\\\/box2537.temp.domains\\\/~santias2\\\/?s={search_term_string}\"},\"query-input\":{\"@type\":\"PropertyValueSpecification\",\"valueRequired\":true,\"valueName\":\"search_term_string\"}}],\"inLanguage\":\"es\"},{\"@type\":\"Organization\",\"@id\":\"http:\\\/\\\/box2537.temp.domains\\\/~santias2\\\/#organization\",\"name\":\"Santiago M\u00e1rquez Ramos\",\"url\":\"http:\\\/\\\/box2537.temp.domains\\\/~santias2\\\/\",\"logo\":{\"@type\":\"ImageObject\",\"inLanguage\":\"es\",\"@id\":\"http:\\\/\\\/box2537.temp.domains\\\/~santias2\\\/#\\\/schema\\\/logo\\\/image\\\/\",\"url\":\"https:\\\/\\\/i0.wp.com\\\/santiagomarquezramos.com\\\/wp-content\\\/uploads\\\/2023\\\/04\\\/android-chrome-192x192-1.png?fit=192%2C192&ssl=1\",\"contentUrl\":\"https:\\\/\\\/i0.wp.com\\\/santiagomarquezramos.com\\\/wp-content\\\/uploads\\\/2023\\\/04\\\/android-chrome-192x192-1.png?fit=192%2C192&ssl=1\",\"width\":192,\"height\":192,\"caption\":\"Santiago M\u00e1rquez Ramos\"},\"image\":{\"@id\":\"http:\\\/\\\/box2537.temp.domains\\\/~santias2\\\/#\\\/schema\\\/logo\\\/image\\\/\"}}]}<\/script>\n<!-- \/ Yoast SEO plugin. -->","yoast_head_json":{"title":"Rejections - Santiago M\u00e1rquez Ramos","robots":{"index":"index","follow":"follow","max-snippet":"max-snippet:-1","max-image-preview":"max-image-preview:large","max-video-preview":"max-video-preview:-1"},"canonical":"https:\/\/santiagomarquezramos.com\/es\/rejections\/","og_locale":"es_MX","og_type":"article","og_title":"Rejections - Santiago M\u00e1rquez Ramos","og_url":"https:\/\/santiagomarquezramos.com\/es\/rejections\/","og_site_name":"Santiago M\u00e1rquez Ramos","article_modified_time":"2023-04-28T15:40:33+00:00","twitter_card":"summary_large_image","twitter_misc":{"Tiempo de lectura":"1 minuto"},"schema":{"@context":"https:\/\/schema.org","@graph":[{"@type":"WebPage","@id":"https:\/\/santiagomarquezramos.com\/rejections\/","url":"https:\/\/santiagomarquezramos.com\/rejections\/","name":"Rejections - Santiago M\u00e1rquez Ramos","isPartOf":{"@id":"http:\/\/box2537.temp.domains\/~santias2\/#website"},"datePublished":"2023-04-28T15:38:57+00:00","dateModified":"2023-04-28T15:40:33+00:00","breadcrumb":{"@id":"https:\/\/santiagomarquezramos.com\/rejections\/#breadcrumb"},"inLanguage":"es","potentialAction":[{"@type":"ReadAction","target":["https:\/\/santiagomarquezramos.com\/rejections\/"]}]},{"@type":"BreadcrumbList","@id":"https:\/\/santiagomarquezramos.com\/rejections\/#breadcrumb","itemListElement":[{"@type":"ListItem","position":1,"name":"Home","item":"https:\/\/santiagomarquezramos.com\/"},{"@type":"ListItem","position":2,"name":"Rejections"}]},{"@type":"WebSite","@id":"http:\/\/box2537.temp.domains\/~santias2\/#website","url":"http:\/\/box2537.temp.domains\/~santias2\/","name":"Santiago M\u00e1rquez Ramos","description":"Author website for Santiago M\u00e1rquez Ramos","publisher":{"@id":"http:\/\/box2537.temp.domains\/~santias2\/#organization"},"potentialAction":[{"@type":"SearchAction","target":{"@type":"EntryPoint","urlTemplate":"http:\/\/box2537.temp.domains\/~santias2\/?s={search_term_string}"},"query-input":{"@type":"PropertyValueSpecification","valueRequired":true,"valueName":"search_term_string"}}],"inLanguage":"es"},{"@type":"Organization","@id":"http:\/\/box2537.temp.domains\/~santias2\/#organization","name":"Santiago M\u00e1rquez Ramos","url":"http:\/\/box2537.temp.domains\/~santias2\/","logo":{"@type":"ImageObject","inLanguage":"es","@id":"http:\/\/box2537.temp.domains\/~santias2\/#\/schema\/logo\/image\/","url":"https:\/\/i0.wp.com\/santiagomarquezramos.com\/wp-content\/uploads\/2023\/04\/android-chrome-192x192-1.png?fit=192%2C192&ssl=1","contentUrl":"https:\/\/i0.wp.com\/santiagomarquezramos.com\/wp-content\/uploads\/2023\/04\/android-chrome-192x192-1.png?fit=192%2C192&ssl=1","width":192,"height":192,"caption":"Santiago M\u00e1rquez Ramos"},"image":{"@id":"http:\/\/box2537.temp.domains\/~santias2\/#\/schema\/logo\/image\/"}}]}},"jetpack_sharing_enabled":true,"_links":{"self":[{"href":"https:\/\/santiagomarquezramos.com\/es\/wp-json\/wp\/v2\/pages\/309","targetHints":{"allow":["GET"]}}],"collection":[{"href":"https:\/\/santiagomarquezramos.com\/es\/wp-json\/wp\/v2\/pages"}],"about":[{"href":"https:\/\/santiagomarquezramos.com\/es\/wp-json\/wp\/v2\/types\/page"}],"author":[{"embeddable":true,"href":"https:\/\/santiagomarquezramos.com\/es\/wp-json\/wp\/v2\/users\/3"}],"replies":[{"embeddable":true,"href":"https:\/\/santiagomarquezramos.com\/es\/wp-json\/wp\/v2\/comments?post=309"}],"version-history":[{"count":4,"href":"https:\/\/santiagomarquezramos.com\/es\/wp-json\/wp\/v2\/pages\/309\/revisions"}],"predecessor-version":[{"id":314,"href":"https:\/\/santiagomarquezramos.com\/es\/wp-json\/wp\/v2\/pages\/309\/revisions\/314"}],"wp:attachment":[{"href":"https:\/\/santiagomarquezramos.com\/es\/wp-json\/wp\/v2\/media?parent=309"}],"curies":[{"name":"wp","href":"https:\/\/api.w.org\/{rel}","templated":true}]}}