{"id":153,"date":"2023-04-18T00:02:46","date_gmt":"2023-04-18T00:02:46","guid":{"rendered":"https:\/\/www.santiagomarquezramos.com\/?page_id=153"},"modified":"2023-04-25T23:36:27","modified_gmt":"2023-04-25T23:36:27","slug":"hard-at-work","status":"publish","type":"page","link":"https:\/\/santiagomarquezramos.com\/es\/hard-at-work\/","title":{"rendered":"Hardly Working"},"content":{"rendered":"<h1 class=\"wp-block-heading\">\u00a1Ay no! Parece que estamos bajo <strong>construcci\u00f3n<\/strong><\/h1>\n\n\n\n<p>\u00a1Saludos! Mis disculpas por esta inconveniencia, estamos d\u00e1ndole duro aqu\u00ed, construyendo esta p\u00e1gina para ti.<\/p>\n\n\n\n<figure class=\"wp-block-image size-large wp-duotone-unset-1\"><img data-recalc-dims=\"1\" decoding=\"async\" src=\"https:\/\/i0.wp.com\/i.pinimg.com\/originals\/41\/c1\/00\/41c1005065d0407f5a4e885d321b06b1.jpg?ssl=1\" alt=\"\"\/><\/figure>\n\n\n\n<p>Ah, \u00bftodav\u00eda est\u00e1s aqui? Ve a explorar el resto de la p\u00e1gina en vez! Nos da pena cuando nos ves trabajar. <\/p>\n\n\n\n<div class=\"wp-block-buttons is-layout-flex wp-block-buttons-is-layout-flex\">\n<div class=\"wp-block-button\"><a class=\"wp-block-button__link wp-element-button\" href=\"https:\/\/santiagomarquezramos.com\/es\/\">Regresa a la p\u00e1gina principal<\/a><\/div>\n<\/div>\n\n\n\n<p>\u00bfTodav\u00eda est\u00e1s aqu\u00ed? Aqu\u00ed hay algo para que te entretengas pues:<\/p>\n\n\n\n<div class=\"wp-block-buttons is-layout-flex wp-block-buttons-is-layout-flex\">\n<div class=\"wp-block-button\"><a class=\"wp-block-button__link wp-element-button\" href=\"http:\/\/chihuahuaspin.com\/\">Entretenimiento de Calidad<\/a><\/div>\n<\/div>\n\n\n\n<p><em>\u00bfSigues<\/em> aqu\u00ed? Nombre, est\u00e1s cabr\u00f3n. \u00bfCu\u00e1ntas vueltas del chihuahua viste? No las suficientes, aparentemente. <\/p>","protected":false},"excerpt":{"rendered":"<p>Uh-oh! We&#8217;re still under construction Howdy! We apologize for the inconvenience, we&#8217;re hard at work here, constructing this page. Oh, you&#8217;re still here? Go explore the rest of the page! We get shy if you watch us work. Still here? Here&#8217;s some quality entertainment for you then: Still here? Damn, you&#8217;re a tough cookie. How [&hellip;]<\/p>\n","protected":false},"author":2,"featured_media":0,"parent":0,"menu_order":0,"comment_status":"closed","ping_status":"closed","template":"","meta":{"nf_dc_page":"","om_disable_all_campaigns":false,"_monsterinsights_skip_tracking":false,"_monsterinsights_sitenote_active":false,"_monsterinsights_sitenote_note":"","_monsterinsights_sitenote_category":0,"footnotes":""},"class_list":["post-153","page","type-page","status-publish","hentry"],"yoast_head":"<!-- This site is optimized with the Yoast SEO plugin v27.4 - https:\/\/yoast.com\/product\/yoast-seo-wordpress\/ -->\n<title>Hardly Working - Santiago M\u00e1rquez Ramos<\/title>\n<meta name=\"robots\" content=\"index, follow, max-snippet:-1, max-image-preview:large, max-video-preview:-1\" \/>\n<link rel=\"canonical\" href=\"https:\/\/santiagomarquezramos.com\/es\/hard-at-work\/\" \/>\n<meta property=\"og:locale\" content=\"es_MX\" \/>\n<meta property=\"og:type\" content=\"article\" \/>\n<meta property=\"og:title\" content=\"Hardly Working - Santiago M\u00e1rquez Ramos\" \/>\n<meta property=\"og:description\" content=\"Uh-oh! We&#8217;re still under construction Howdy! We apologize for the inconvenience, we&#8217;re hard at work here, constructing this page. Oh, you&#8217;re still here? Go explore the rest of the page! We get shy if you watch us work. Still here? Here&#8217;s some quality entertainment for you then: Still here? Damn, you&#8217;re a tough cookie. How [&hellip;]\" \/>\n<meta property=\"og:url\" content=\"https:\/\/santiagomarquezramos.com\/es\/hard-at-work\/\" \/>\n<meta property=\"og:site_name\" content=\"Santiago M\u00e1rquez Ramos\" \/>\n<meta property=\"article:modified_time\" content=\"2023-04-25T23:36:27+00:00\" \/>\n<meta property=\"og:image\" content=\"https:\/\/i.pinimg.com\/originals\/41\/c1\/00\/41c1005065d0407f5a4e885d321b06b1.jpg\" \/>\n<meta name=\"twitter:card\" content=\"summary_large_image\" \/>\n<meta name=\"twitter:label1\" content=\"Tiempo de lectura\" \/>\n\t<meta name=\"twitter:data1\" content=\"1 minuto\" \/>\n<script type=\"application\/ld+json\" class=\"yoast-schema-graph\">{\"@context\":\"https:\\\/\\\/schema.org\",\"@graph\":[{\"@type\":\"WebPage\",\"@id\":\"https:\\\/\\\/santiagomarquezramos.com\\\/hard-at-work\\\/\",\"url\":\"https:\\\/\\\/santiagomarquezramos.com\\\/hard-at-work\\\/\",\"name\":\"Hardly Working - Santiago M\u00e1rquez Ramos\",\"isPartOf\":{\"@id\":\"http:\\\/\\\/box2537.temp.domains\\\/~santias2\\\/#website\"},\"primaryImageOfPage\":{\"@id\":\"https:\\\/\\\/santiagomarquezramos.com\\\/hard-at-work\\\/#primaryimage\"},\"image\":{\"@id\":\"https:\\\/\\\/santiagomarquezramos.com\\\/hard-at-work\\\/#primaryimage\"},\"thumbnailUrl\":\"https:\\\/\\\/i.pinimg.com\\\/originals\\\/41\\\/c1\\\/00\\\/41c1005065d0407f5a4e885d321b06b1.jpg\",\"datePublished\":\"2023-04-18T00:02:46+00:00\",\"dateModified\":\"2023-04-25T23:36:27+00:00\",\"breadcrumb\":{\"@id\":\"https:\\\/\\\/santiagomarquezramos.com\\\/hard-at-work\\\/#breadcrumb\"},\"inLanguage\":\"es\",\"potentialAction\":[{\"@type\":\"ReadAction\",\"target\":[\"https:\\\/\\\/santiagomarquezramos.com\\\/hard-at-work\\\/\"]}]},{\"@type\":\"ImageObject\",\"inLanguage\":\"es\",\"@id\":\"https:\\\/\\\/santiagomarquezramos.com\\\/hard-at-work\\\/#primaryimage\",\"url\":\"https:\\\/\\\/i.pinimg.com\\\/originals\\\/41\\\/c1\\\/00\\\/41c1005065d0407f5a4e885d321b06b1.jpg\",\"contentUrl\":\"https:\\\/\\\/i.pinimg.com\\\/originals\\\/41\\\/c1\\\/00\\\/41c1005065d0407f5a4e885d321b06b1.jpg\"},{\"@type\":\"BreadcrumbList\",\"@id\":\"https:\\\/\\\/santiagomarquezramos.com\\\/hard-at-work\\\/#breadcrumb\",\"itemListElement\":[{\"@type\":\"ListItem\",\"position\":1,\"name\":\"Home\",\"item\":\"https:\\\/\\\/santiagomarquezramos.com\\\/\"},{\"@type\":\"ListItem\",\"position\":2,\"name\":\"Hardly Working\"}]},{\"@type\":\"WebSite\",\"@id\":\"http:\\\/\\\/box2537.temp.domains\\\/~santias2\\\/#website\",\"url\":\"http:\\\/\\\/box2537.temp.domains\\\/~santias2\\\/\",\"name\":\"Santiago M\u00e1rquez Ramos\",\"description\":\"Author website for Santiago M\u00e1rquez Ramos\",\"publisher\":{\"@id\":\"http:\\\/\\\/box2537.temp.domains\\\/~santias2\\\/#organization\"},\"potentialAction\":[{\"@type\":\"SearchAction\",\"target\":{\"@type\":\"EntryPoint\",\"urlTemplate\":\"http:\\\/\\\/box2537.temp.domains\\\/~santias2\\\/?s={search_term_string}\"},\"query-input\":{\"@type\":\"PropertyValueSpecification\",\"valueRequired\":true,\"valueName\":\"search_term_string\"}}],\"inLanguage\":\"es\"},{\"@type\":\"Organization\",\"@id\":\"http:\\\/\\\/box2537.temp.domains\\\/~santias2\\\/#organization\",\"name\":\"Santiago M\u00e1rquez Ramos\",\"url\":\"http:\\\/\\\/box2537.temp.domains\\\/~santias2\\\/\",\"logo\":{\"@type\":\"ImageObject\",\"inLanguage\":\"es\",\"@id\":\"http:\\\/\\\/box2537.temp.domains\\\/~santias2\\\/#\\\/schema\\\/logo\\\/image\\\/\",\"url\":\"https:\\\/\\\/i0.wp.com\\\/santiagomarquezramos.com\\\/wp-content\\\/uploads\\\/2023\\\/04\\\/android-chrome-192x192-1.png?fit=192%2C192&ssl=1\",\"contentUrl\":\"https:\\\/\\\/i0.wp.com\\\/santiagomarquezramos.com\\\/wp-content\\\/uploads\\\/2023\\\/04\\\/android-chrome-192x192-1.png?fit=192%2C192&ssl=1\",\"width\":192,\"height\":192,\"caption\":\"Santiago M\u00e1rquez Ramos\"},\"image\":{\"@id\":\"http:\\\/\\\/box2537.temp.domains\\\/~santias2\\\/#\\\/schema\\\/logo\\\/image\\\/\"}}]}<\/script>\n<!-- \/ Yoast SEO plugin. -->","yoast_head_json":{"title":"Hardly Working - Santiago M\u00e1rquez Ramos","robots":{"index":"index","follow":"follow","max-snippet":"max-snippet:-1","max-image-preview":"max-image-preview:large","max-video-preview":"max-video-preview:-1"},"canonical":"https:\/\/santiagomarquezramos.com\/es\/hard-at-work\/","og_locale":"es_MX","og_type":"article","og_title":"Hardly Working - Santiago M\u00e1rquez Ramos","og_description":"Uh-oh! We&#8217;re still under construction Howdy! We apologize for the inconvenience, we&#8217;re hard at work here, constructing this page. Oh, you&#8217;re still here? Go explore the rest of the page! We get shy if you watch us work. Still here? Here&#8217;s some quality entertainment for you then: Still here? Damn, you&#8217;re a tough cookie. How [&hellip;]","og_url":"https:\/\/santiagomarquezramos.com\/es\/hard-at-work\/","og_site_name":"Santiago M\u00e1rquez Ramos","article_modified_time":"2023-04-25T23:36:27+00:00","og_image":[{"url":"https:\/\/i.pinimg.com\/originals\/41\/c1\/00\/41c1005065d0407f5a4e885d321b06b1.jpg","type":"","width":"","height":""}],"twitter_card":"summary_large_image","twitter_misc":{"Tiempo de lectura":"1 minuto"},"schema":{"@context":"https:\/\/schema.org","@graph":[{"@type":"WebPage","@id":"https:\/\/santiagomarquezramos.com\/hard-at-work\/","url":"https:\/\/santiagomarquezramos.com\/hard-at-work\/","name":"Hardly Working - Santiago M\u00e1rquez Ramos","isPartOf":{"@id":"http:\/\/box2537.temp.domains\/~santias2\/#website"},"primaryImageOfPage":{"@id":"https:\/\/santiagomarquezramos.com\/hard-at-work\/#primaryimage"},"image":{"@id":"https:\/\/santiagomarquezramos.com\/hard-at-work\/#primaryimage"},"thumbnailUrl":"https:\/\/i.pinimg.com\/originals\/41\/c1\/00\/41c1005065d0407f5a4e885d321b06b1.jpg","datePublished":"2023-04-18T00:02:46+00:00","dateModified":"2023-04-25T23:36:27+00:00","breadcrumb":{"@id":"https:\/\/santiagomarquezramos.com\/hard-at-work\/#breadcrumb"},"inLanguage":"es","potentialAction":[{"@type":"ReadAction","target":["https:\/\/santiagomarquezramos.com\/hard-at-work\/"]}]},{"@type":"ImageObject","inLanguage":"es","@id":"https:\/\/santiagomarquezramos.com\/hard-at-work\/#primaryimage","url":"https:\/\/i.pinimg.com\/originals\/41\/c1\/00\/41c1005065d0407f5a4e885d321b06b1.jpg","contentUrl":"https:\/\/i.pinimg.com\/originals\/41\/c1\/00\/41c1005065d0407f5a4e885d321b06b1.jpg"},{"@type":"BreadcrumbList","@id":"https:\/\/santiagomarquezramos.com\/hard-at-work\/#breadcrumb","itemListElement":[{"@type":"ListItem","position":1,"name":"Home","item":"https:\/\/santiagomarquezramos.com\/"},{"@type":"ListItem","position":2,"name":"Hardly Working"}]},{"@type":"WebSite","@id":"http:\/\/box2537.temp.domains\/~santias2\/#website","url":"http:\/\/box2537.temp.domains\/~santias2\/","name":"Santiago M\u00e1rquez Ramos","description":"Author website for Santiago M\u00e1rquez Ramos","publisher":{"@id":"http:\/\/box2537.temp.domains\/~santias2\/#organization"},"potentialAction":[{"@type":"SearchAction","target":{"@type":"EntryPoint","urlTemplate":"http:\/\/box2537.temp.domains\/~santias2\/?s={search_term_string}"},"query-input":{"@type":"PropertyValueSpecification","valueRequired":true,"valueName":"search_term_string"}}],"inLanguage":"es"},{"@type":"Organization","@id":"http:\/\/box2537.temp.domains\/~santias2\/#organization","name":"Santiago M\u00e1rquez Ramos","url":"http:\/\/box2537.temp.domains\/~santias2\/","logo":{"@type":"ImageObject","inLanguage":"es","@id":"http:\/\/box2537.temp.domains\/~santias2\/#\/schema\/logo\/image\/","url":"https:\/\/i0.wp.com\/santiagomarquezramos.com\/wp-content\/uploads\/2023\/04\/android-chrome-192x192-1.png?fit=192%2C192&ssl=1","contentUrl":"https:\/\/i0.wp.com\/santiagomarquezramos.com\/wp-content\/uploads\/2023\/04\/android-chrome-192x192-1.png?fit=192%2C192&ssl=1","width":192,"height":192,"caption":"Santiago M\u00e1rquez Ramos"},"image":{"@id":"http:\/\/box2537.temp.domains\/~santias2\/#\/schema\/logo\/image\/"}}]}},"jetpack_sharing_enabled":true,"_links":{"self":[{"href":"https:\/\/santiagomarquezramos.com\/es\/wp-json\/wp\/v2\/pages\/153","targetHints":{"allow":["GET"]}}],"collection":[{"href":"https:\/\/santiagomarquezramos.com\/es\/wp-json\/wp\/v2\/pages"}],"about":[{"href":"https:\/\/santiagomarquezramos.com\/es\/wp-json\/wp\/v2\/types\/page"}],"author":[{"embeddable":true,"href":"https:\/\/santiagomarquezramos.com\/es\/wp-json\/wp\/v2\/users\/2"}],"replies":[{"embeddable":true,"href":"https:\/\/santiagomarquezramos.com\/es\/wp-json\/wp\/v2\/comments?post=153"}],"version-history":[{"count":6,"href":"https:\/\/santiagomarquezramos.com\/es\/wp-json\/wp\/v2\/pages\/153\/revisions"}],"predecessor-version":[{"id":307,"href":"https:\/\/santiagomarquezramos.com\/es\/wp-json\/wp\/v2\/pages\/153\/revisions\/307"}],"wp:attachment":[{"href":"https:\/\/santiagomarquezramos.com\/es\/wp-json\/wp\/v2\/media?parent=153"}],"curies":[{"name":"wp","href":"https:\/\/api.w.org\/{rel}","templated":true}]}}