{"id":105,"date":"2023-04-17T19:47:33","date_gmt":"2023-04-17T19:47:33","guid":{"rendered":"https:\/\/www.santiagomarquezramos.com\/?page_id=105"},"modified":"2024-01-13T20:29:22","modified_gmt":"2024-01-13T20:29:22","slug":"about","status":"publish","type":"page","link":"https:\/\/santiagomarquezramos.com\/es\/menu\/about\/","title":{"rendered":"Acerca De Santiago"},"content":{"rendered":"<figure class=\"is-style-rounded is-resized wp-block-image aligncenter size-medium has-custom-border\"><img data-recalc-dims=\"1\" loading=\"lazy\" decoding=\"async\" width=\"261\" height=\"300\" src=\"https:\/\/i0.wp.com\/santiagomarquezramos.com\/wp-content\/uploads\/2023\/04\/GoodMePic-2.png?resize=261%2C300&#038;ssl=1\" alt=\"\" class=\"has-border-color has-primary-border-color wp-image-237\" style=\"border-width:5px\" srcset=\"https:\/\/i0.wp.com\/santiagomarquezramos.com\/wp-content\/uploads\/2023\/04\/GoodMePic-2.png?resize=261%2C300&amp;ssl=1 261w, https:\/\/i0.wp.com\/santiagomarquezramos.com\/wp-content\/uploads\/2023\/04\/GoodMePic-2.png?w=630&amp;ssl=1 630w\" sizes=\"auto, (max-width: 261px) 100vw, 261px\" \/><\/figure>\n\n\n\n<h2 class=\"wp-block-heading has-text-align-center\"><abbr class='c2c-text-hover' title='what is a name \/ but history \/ dripping down your chin \/ as you bite from the fruit \/ that made you'>Santiago M\u00e1rquez\u00b9 Ramos\u00b2<\/abbr><\/h2>\n\n\n\n<pre class=\"wp-block-code\"><code>Santiago es un <a href=\"https:\/\/www.psychologytoday.com\/us\/therapists\/santiago-marquez-ramos-new-york-ny\/1118469\" target=\"_blank\" rel=\"noreferrer noopener\">terapeuta<\/a> trabajando con inmigrantes latinos en la ciudad de Nueva York. Originalmente de M\u00e9xico, le apasiona mezclar la cultura, la salud mental, lo queer y la justicia social en todas sus historias; as\u00ed como el espa\u00f1ol, su lengua materna. Vive en la intersecci\u00f3n del realismo m\u00e1gico, la maravilla existencial y la autorreflexi\u00f3n caprichosa; pero tambi\u00e9n puedes encontrarlo corriendo entre cafesitos mientras batalla contra el segundo draft de una novela, o <a href=\"https:\/\/www.instagram.com\/definitelysantiago\/\" target=\"_blank\" rel=\"noreferrer noopener\">escribiendo poes\u00eda para extra\u00f1os<\/a> en Central Park. Sus historias est\u00e1n publicadas en <a href=\"https:\/\/www.litromagazine.com\/usa\/2022\/03\/breathless-moon\/\" target=\"_blank\" rel=\"noreferrer noopener\">Litro Magazine USA<\/a>, <a href=\"https:\/\/occulum.net\/2022\/11\/05\/you-removed-santiago-marquez-ramos\/\" target=\"_blank\" rel=\"noreferrer noopener\">Occulum Journal<\/a>, <a href=\"https:\/\/literallystories2014.com\/2022\/07\/08\/photogenic-memory-by-santiago-marquez-ramos\/\" target=\"_blank\" rel=\"noreferrer noopener\">Literally Stories<\/a>, y <a href=\"https:\/\/flashfictionmagazine.com\/blog\/2023\/11\/15\/a-country-of-feathers-and-scars\/\">gan\u00f3 segundo lugar<\/a> en el concurso de Flash Fiction Magazine del 2023. Ha sido <a href=\"https:\/\/santiagomarquezramos.com\/es\/normal-question-mark\/rejection-corner\/\">rechazado por muchas otras publicaciones<\/a>, pero a veces de manera linda. Santiago tambi\u00e9n dio una pl\u00e1tica <a href=\"https:\/\/youtu.be\/1Mn-rgHkrac\">TEDx sobre el afecto y cari\u00f1o plat\u00f3nico<\/a>!\n\nHe's the recipient of <a href=\"https:\/\/www.walterjonwilliams.net\/2023\/04\/terran-prize-awarded-4\/\" target=\"_blank\" rel=\"noreferrer noopener\">George R.R. Martin's Terran Prize<\/a> and Taos Toolbox 2023 graduate.<\/code><\/pre>\n\n\n\n<div class=\"wp-block-buttons is-content-justification-center is-layout-flex wp-container-core-buttons-is-layout-a89b3969 wp-block-buttons-is-layout-flex\">\n<div class=\"wp-block-button\"><a class=\"wp-block-button__link wp-element-button\" href=\"https:\/\/santiagomarquezramos.com\/es\/normal-question-mark\/contact\/\">Contacta a Santiago<\/a><\/div>\n<\/div>\n\n\n\n<p class=\"\"><\/p>\n\n\n\n<p class=\"\"> <\/p>\n\n\n\n<hr class=\"wp-block-separator has-alpha-channel-opacity\"\/>\n\n\n\n<p class=\"\" style=\"font-size:12px\">\u00b9<strong>M\u00e1rquez<\/strong> es el apellido de mi pap\u00e1. Me da su historia y herencia cultural, su familia. El gobierno de los Estados Unidos solo me permiti\u00f3 tener este como mi apellido legal.<\/p>\n\n\n\n<p class=\"\" style=\"font-size:12px\">\u00b2<strong>Ramos<\/strong> es el apellido de mi mam\u00e1, y su herencia a trav\u00e9s de mi. Es igual de importante, aunque sea el segundo (pfft, el patriarcado amirite), y aunque el gobierno de los Estados Unidos no me permiti\u00f3 agregarlo legalmente gui\u00f3n. Pero gobierno de M\u00e9xico si agrega los dos a mi nombre, yay!<\/p>","protected":false},"excerpt":{"rendered":"<p><abbr class='c2c-text-hover' title='what is a name \/ but history \/ dripping down your chin \/ as you bite from the fruit \/ that made you'>Santiago M\u00e1rquez\u00b9 Ramos\u00b2<\/abbr> \u00b9M\u00e1rquez is my dad&#8217;s last name. It gives me his history and heritage, his family. The U.S. government only let me have this one as my legal last name. \u00b2Ramos is my mom&#8217;s last name, and her heritage through me. It&#8217;s equally as important, even though it&#8217;s second (pfft, the patriarchy amirite), [&hellip;]<\/p>\n","protected":false},"author":2,"featured_media":0,"parent":150,"menu_order":0,"comment_status":"closed","ping_status":"closed","template":"","meta":{"nf_dc_page":"about","om_disable_all_campaigns":false,"_monsterinsights_skip_tracking":false,"_monsterinsights_sitenote_active":false,"_monsterinsights_sitenote_note":"","_monsterinsights_sitenote_category":0,"footnotes":""},"class_list":["post-105","page","type-page","status-publish","hentry"],"yoast_head":"<!-- This site is optimized with the Yoast SEO plugin v27.4 - https:\/\/yoast.com\/product\/yoast-seo-wordpress\/ -->\n<title>About - Santiago M\u00e1rquez Ramos<\/title>\n<meta name=\"robots\" content=\"index, follow, max-snippet:-1, max-image-preview:large, max-video-preview:-1\" \/>\n<link rel=\"canonical\" href=\"https:\/\/santiagomarquezramos.com\/es\/menu\/about\/\" \/>\n<meta property=\"og:locale\" content=\"es_MX\" \/>\n<meta property=\"og:type\" content=\"article\" \/>\n<meta property=\"og:title\" content=\"About - Santiago M\u00e1rquez Ramos\" \/>\n<meta property=\"og:description\" content=\"Santiago M\u00e1rquez\u00b9 Ramos\u00b2 \u00b9M\u00e1rquez is my dad&#8217;s last name. It gives me his history and heritage, his family. The U.S. government only let me have this one as my legal last name. \u00b2Ramos is my mom&#8217;s last name, and her heritage through me. It&#8217;s equally as important, even though it&#8217;s second (pfft, the patriarchy amirite), [&hellip;]\" \/>\n<meta property=\"og:url\" content=\"https:\/\/santiagomarquezramos.com\/es\/menu\/about\/\" \/>\n<meta property=\"og:site_name\" content=\"Santiago M\u00e1rquez Ramos\" \/>\n<meta property=\"article:modified_time\" content=\"2024-01-13T20:29:22+00:00\" \/>\n<meta property=\"og:image\" content=\"https:\/\/santiagomarquezramos.com\/wp-content\/uploads\/2023\/04\/GoodMePic-2-261x300.png\" \/>\n<meta name=\"twitter:card\" content=\"summary_large_image\" \/>\n<meta name=\"twitter:label1\" content=\"Tiempo de lectura\" \/>\n\t<meta name=\"twitter:data1\" content=\"1 minuto\" \/>\n<script type=\"application\/ld+json\" class=\"yoast-schema-graph\">{\"@context\":\"https:\\\/\\\/schema.org\",\"@graph\":[{\"@type\":\"WebPage\",\"@id\":\"https:\\\/\\\/santiagomarquezramos.com\\\/menu\\\/about\\\/\",\"url\":\"https:\\\/\\\/santiagomarquezramos.com\\\/menu\\\/about\\\/\",\"name\":\"About - Santiago M\u00e1rquez Ramos\",\"isPartOf\":{\"@id\":\"http:\\\/\\\/box2537.temp.domains\\\/~santias2\\\/#website\"},\"primaryImageOfPage\":{\"@id\":\"https:\\\/\\\/santiagomarquezramos.com\\\/menu\\\/about\\\/#primaryimage\"},\"image\":{\"@id\":\"https:\\\/\\\/santiagomarquezramos.com\\\/menu\\\/about\\\/#primaryimage\"},\"thumbnailUrl\":\"https:\\\/\\\/santiagomarquezramos.com\\\/wp-content\\\/uploads\\\/2023\\\/04\\\/GoodMePic-2-261x300.png\",\"datePublished\":\"2023-04-17T19:47:33+00:00\",\"dateModified\":\"2024-01-13T20:29:22+00:00\",\"breadcrumb\":{\"@id\":\"https:\\\/\\\/santiagomarquezramos.com\\\/menu\\\/about\\\/#breadcrumb\"},\"inLanguage\":\"es\",\"potentialAction\":[{\"@type\":\"ReadAction\",\"target\":[\"https:\\\/\\\/santiagomarquezramos.com\\\/menu\\\/about\\\/\"]}]},{\"@type\":\"ImageObject\",\"inLanguage\":\"es\",\"@id\":\"https:\\\/\\\/santiagomarquezramos.com\\\/menu\\\/about\\\/#primaryimage\",\"url\":\"https:\\\/\\\/santiagomarquezramos.com\\\/wp-content\\\/uploads\\\/2023\\\/04\\\/GoodMePic-2-261x300.png\",\"contentUrl\":\"https:\\\/\\\/santiagomarquezramos.com\\\/wp-content\\\/uploads\\\/2023\\\/04\\\/GoodMePic-2-261x300.png\"},{\"@type\":\"BreadcrumbList\",\"@id\":\"https:\\\/\\\/santiagomarquezramos.com\\\/menu\\\/about\\\/#breadcrumb\",\"itemListElement\":[{\"@type\":\"ListItem\",\"position\":1,\"name\":\"Home\",\"item\":\"https:\\\/\\\/santiagomarquezramos.com\\\/\"},{\"@type\":\"ListItem\",\"position\":2,\"name\":\"Menu\",\"item\":\"https:\\\/\\\/santiagomarquezramos.com\\\/menu\\\/\"},{\"@type\":\"ListItem\",\"position\":3,\"name\":\"About\"}]},{\"@type\":\"WebSite\",\"@id\":\"http:\\\/\\\/box2537.temp.domains\\\/~santias2\\\/#website\",\"url\":\"http:\\\/\\\/box2537.temp.domains\\\/~santias2\\\/\",\"name\":\"Santiago M\u00e1rquez Ramos\",\"description\":\"Author website for Santiago M\u00e1rquez Ramos\",\"publisher\":{\"@id\":\"http:\\\/\\\/box2537.temp.domains\\\/~santias2\\\/#organization\"},\"potentialAction\":[{\"@type\":\"SearchAction\",\"target\":{\"@type\":\"EntryPoint\",\"urlTemplate\":\"http:\\\/\\\/box2537.temp.domains\\\/~santias2\\\/?s={search_term_string}\"},\"query-input\":{\"@type\":\"PropertyValueSpecification\",\"valueRequired\":true,\"valueName\":\"search_term_string\"}}],\"inLanguage\":\"es\"},{\"@type\":\"Organization\",\"@id\":\"http:\\\/\\\/box2537.temp.domains\\\/~santias2\\\/#organization\",\"name\":\"Santiago M\u00e1rquez Ramos\",\"url\":\"http:\\\/\\\/box2537.temp.domains\\\/~santias2\\\/\",\"logo\":{\"@type\":\"ImageObject\",\"inLanguage\":\"es\",\"@id\":\"http:\\\/\\\/box2537.temp.domains\\\/~santias2\\\/#\\\/schema\\\/logo\\\/image\\\/\",\"url\":\"https:\\\/\\\/i0.wp.com\\\/santiagomarquezramos.com\\\/wp-content\\\/uploads\\\/2023\\\/04\\\/android-chrome-192x192-1.png?fit=192%2C192&ssl=1\",\"contentUrl\":\"https:\\\/\\\/i0.wp.com\\\/santiagomarquezramos.com\\\/wp-content\\\/uploads\\\/2023\\\/04\\\/android-chrome-192x192-1.png?fit=192%2C192&ssl=1\",\"width\":192,\"height\":192,\"caption\":\"Santiago M\u00e1rquez Ramos\"},\"image\":{\"@id\":\"http:\\\/\\\/box2537.temp.domains\\\/~santias2\\\/#\\\/schema\\\/logo\\\/image\\\/\"}}]}<\/script>\n<!-- \/ Yoast SEO plugin. -->","yoast_head_json":{"title":"About - Santiago M\u00e1rquez Ramos","robots":{"index":"index","follow":"follow","max-snippet":"max-snippet:-1","max-image-preview":"max-image-preview:large","max-video-preview":"max-video-preview:-1"},"canonical":"https:\/\/santiagomarquezramos.com\/es\/menu\/about\/","og_locale":"es_MX","og_type":"article","og_title":"About - Santiago M\u00e1rquez Ramos","og_description":"Santiago M\u00e1rquez\u00b9 Ramos\u00b2 \u00b9M\u00e1rquez is my dad&#8217;s last name. It gives me his history and heritage, his family. The U.S. government only let me have this one as my legal last name. \u00b2Ramos is my mom&#8217;s last name, and her heritage through me. It&#8217;s equally as important, even though it&#8217;s second (pfft, the patriarchy amirite), [&hellip;]","og_url":"https:\/\/santiagomarquezramos.com\/es\/menu\/about\/","og_site_name":"Santiago M\u00e1rquez Ramos","article_modified_time":"2024-01-13T20:29:22+00:00","og_image":[{"url":"https:\/\/santiagomarquezramos.com\/wp-content\/uploads\/2023\/04\/GoodMePic-2-261x300.png","type":"","width":"","height":""}],"twitter_card":"summary_large_image","twitter_misc":{"Tiempo de lectura":"1 minuto"},"schema":{"@context":"https:\/\/schema.org","@graph":[{"@type":"WebPage","@id":"https:\/\/santiagomarquezramos.com\/menu\/about\/","url":"https:\/\/santiagomarquezramos.com\/menu\/about\/","name":"About - Santiago M\u00e1rquez Ramos","isPartOf":{"@id":"http:\/\/box2537.temp.domains\/~santias2\/#website"},"primaryImageOfPage":{"@id":"https:\/\/santiagomarquezramos.com\/menu\/about\/#primaryimage"},"image":{"@id":"https:\/\/santiagomarquezramos.com\/menu\/about\/#primaryimage"},"thumbnailUrl":"https:\/\/santiagomarquezramos.com\/wp-content\/uploads\/2023\/04\/GoodMePic-2-261x300.png","datePublished":"2023-04-17T19:47:33+00:00","dateModified":"2024-01-13T20:29:22+00:00","breadcrumb":{"@id":"https:\/\/santiagomarquezramos.com\/menu\/about\/#breadcrumb"},"inLanguage":"es","potentialAction":[{"@type":"ReadAction","target":["https:\/\/santiagomarquezramos.com\/menu\/about\/"]}]},{"@type":"ImageObject","inLanguage":"es","@id":"https:\/\/santiagomarquezramos.com\/menu\/about\/#primaryimage","url":"https:\/\/santiagomarquezramos.com\/wp-content\/uploads\/2023\/04\/GoodMePic-2-261x300.png","contentUrl":"https:\/\/santiagomarquezramos.com\/wp-content\/uploads\/2023\/04\/GoodMePic-2-261x300.png"},{"@type":"BreadcrumbList","@id":"https:\/\/santiagomarquezramos.com\/menu\/about\/#breadcrumb","itemListElement":[{"@type":"ListItem","position":1,"name":"Home","item":"https:\/\/santiagomarquezramos.com\/"},{"@type":"ListItem","position":2,"name":"Menu","item":"https:\/\/santiagomarquezramos.com\/menu\/"},{"@type":"ListItem","position":3,"name":"About"}]},{"@type":"WebSite","@id":"http:\/\/box2537.temp.domains\/~santias2\/#website","url":"http:\/\/box2537.temp.domains\/~santias2\/","name":"Santiago M\u00e1rquez Ramos","description":"Author website for Santiago M\u00e1rquez Ramos","publisher":{"@id":"http:\/\/box2537.temp.domains\/~santias2\/#organization"},"potentialAction":[{"@type":"SearchAction","target":{"@type":"EntryPoint","urlTemplate":"http:\/\/box2537.temp.domains\/~santias2\/?s={search_term_string}"},"query-input":{"@type":"PropertyValueSpecification","valueRequired":true,"valueName":"search_term_string"}}],"inLanguage":"es"},{"@type":"Organization","@id":"http:\/\/box2537.temp.domains\/~santias2\/#organization","name":"Santiago M\u00e1rquez Ramos","url":"http:\/\/box2537.temp.domains\/~santias2\/","logo":{"@type":"ImageObject","inLanguage":"es","@id":"http:\/\/box2537.temp.domains\/~santias2\/#\/schema\/logo\/image\/","url":"https:\/\/i0.wp.com\/santiagomarquezramos.com\/wp-content\/uploads\/2023\/04\/android-chrome-192x192-1.png?fit=192%2C192&ssl=1","contentUrl":"https:\/\/i0.wp.com\/santiagomarquezramos.com\/wp-content\/uploads\/2023\/04\/android-chrome-192x192-1.png?fit=192%2C192&ssl=1","width":192,"height":192,"caption":"Santiago M\u00e1rquez Ramos"},"image":{"@id":"http:\/\/box2537.temp.domains\/~santias2\/#\/schema\/logo\/image\/"}}]}},"jetpack_sharing_enabled":true,"_links":{"self":[{"href":"https:\/\/santiagomarquezramos.com\/es\/wp-json\/wp\/v2\/pages\/105","targetHints":{"allow":["GET"]}}],"collection":[{"href":"https:\/\/santiagomarquezramos.com\/es\/wp-json\/wp\/v2\/pages"}],"about":[{"href":"https:\/\/santiagomarquezramos.com\/es\/wp-json\/wp\/v2\/types\/page"}],"author":[{"embeddable":true,"href":"https:\/\/santiagomarquezramos.com\/es\/wp-json\/wp\/v2\/users\/2"}],"replies":[{"embeddable":true,"href":"https:\/\/santiagomarquezramos.com\/es\/wp-json\/wp\/v2\/comments?post=105"}],"version-history":[{"count":5,"href":"https:\/\/santiagomarquezramos.com\/es\/wp-json\/wp\/v2\/pages\/105\/revisions"}],"predecessor-version":[{"id":568,"href":"https:\/\/santiagomarquezramos.com\/es\/wp-json\/wp\/v2\/pages\/105\/revisions\/568"}],"up":[{"embeddable":true,"href":"https:\/\/santiagomarquezramos.com\/es\/wp-json\/wp\/v2\/pages\/150"}],"wp:attachment":[{"href":"https:\/\/santiagomarquezramos.com\/es\/wp-json\/wp\/v2\/media?parent=105"}],"curies":[{"name":"wp","href":"https:\/\/api.w.org\/{rel}","templated":true}]}}